{"id":1745,"date":"2018-10-24T09:58:00","date_gmt":"2018-10-24T13:58:00","guid":{"rendered":"https:\/\/frogans-addresses.com\/?page_id=1745"},"modified":"2019-01-11T12:44:19","modified_gmt":"2019-01-11T16:44:19","slug":"how-to","status":"publish","type":"page","link":"https:\/\/frogans-addresses.com\/fr\/how-to\/","title":{"rendered":"Comment choisir vos adresses Frogans"},"content":{"rendered":"<h1><strong>Comment choisir vos adresses Frogans ?<br \/>\n<\/strong><\/h1>\n<h6><img loading=\"lazy\" class=\"img-marginR-10 alignnone wp-image-2022 size-full\" style=\"float: right;\" src=\"https:\/\/frogans-addresses.com\/wp-content\/uploads\/2018\/11\/FA-pattern-FR.png\" alt=\"\" width=\"450\" height=\"50\" \/><\/h6>\n<h6>Les adresses Frogans suivent un format simple. Vous devez d&rsquo;abord choisir le r\u00e9seau et, si possible, enregistrer votre nom de site dans ce r\u00e9seau.<\/h6>\n<p>&nbsp;<\/p>\n<h3><strong>Si vous \u00eates un particulier ou une petite organisation<\/strong><br \/>\n<img loading=\"lazy\" class=\"alignnone wp-image-1997 \" style=\"float: right;\" src=\"https:\/\/frogans-addresses.com\/wp-content\/uploads\/2018\/11\/wordcloud-pfnfa-ideal.png\" alt=\"\" width=\"482\" height=\"362\" srcset=\"https:\/\/frogans-addresses.com\/wp-content\/uploads\/2018\/11\/wordcloud-pfnfa-ideal.png 800w, https:\/\/frogans-addresses.com\/wp-content\/uploads\/2018\/11\/wordcloud-pfnfa-ideal-300x225.png 300w, https:\/\/frogans-addresses.com\/wp-content\/uploads\/2018\/11\/wordcloud-pfnfa-ideal-768x576.png 768w\" sizes=\"(max-width: 482px) 100vw, 482px\" \/><\/h3>\n<h6>Vous avez besoin d&rsquo;une adresse Frogans ou deux. Le plus simple est de choisir cette adresse dans le r\u00e9seau nomm\u00e9 \u00ab\u00a0frogans\u00a0\u00bb,\u00a0appel\u00e9 aussi R\u00e9seau Frogans Public (PFN en jargon).<\/h6>\n<h6>Votre nom de site peut \u00eatre le nom de votre affaire, de votre ville ou d&rsquo;une initiative dont vous faites partie. Pratiquement, vous pouvez choisir n&rsquo;importe quel nom jusqu&rsquo;\u00e0 28 caract\u00e8res selon le principe du premier arriv\u00e9, premier servi.<\/h6>\n<h6>Votre adresse Frogans id\u00e9ale est-elle encore disponible\u00a0?<br \/>\n<a href=\"https:\/\/shop.frogans-addresses.com\/fr\/home\" target=\"_blank\" rel=\"noopener\"><img loading=\"lazy\" class=\"alignnone wp-image-940 size-full\" src=\"https:\/\/frogans-addresses.com\/wp-content\/uploads\/2018\/11\/check_availability_FR_button.png\" alt=\"\" width=\"263\" height=\"40\" \/><\/a><br \/>\nSur l&rsquo;onglet \u00ab\u00a0Adresses Frogans\u00a0\u00bb, tapez votre adresse id\u00e9ale en commen\u00e7ant par frogans*, puis cliquez \u00ab\u00a0V\u00e9rifiez\u00a0!\u00a0\u00bb. Si disponible, ajoutez cette adresse \u00e0 votre panier et passez \u00e0 l&rsquo;achat.<\/h6>\n<h6><strong>Note :<\/strong> si votre adresse Frogans id\u00e9ale a d\u00e9j\u00e0 \u00e9t\u00e9 r\u00e9serv\u00e9e par quelqu&rsquo;un d&rsquo;autre, <a href=\"mailto:aftermarket@frogans-addresses.com\">contactez-nous<\/a> pour \u00e9valuer vos options.<\/h6>\n<p>&nbsp;<\/p>\n<h3><strong>Si vous \u00eates un professionnel<\/strong><br \/>\n<img loading=\"lazy\" class=\"alignnone wp-image-2029 \" style=\"float: right;\" src=\"https:\/\/frogans-addresses.com\/wp-content\/uploads\/2018\/11\/wordcloud-DFN-ideal.png\" alt=\"\" width=\"413\" height=\"358\" \/><\/h3>\n<h6>Votre soci\u00e9t\u00e9 aura besoin d&rsquo;un grand nombre d&rsquo;adresses Frogans et vous les voudrez brand\u00e9es \u00e0 son image. La solution est de r\u00e9server votre propre r\u00e9seau, appel\u00e9 aussi R\u00e9seau Frogans D\u00e9di\u00e9 (DFN en jargon), et ensuite d&rsquo;y enregistrer vos sites.<\/h6>\n<h6>Votre nom de r\u00e9seau peut \u00eatre votre soci\u00e9t\u00e9, marque, produit, service ou m\u00eame un concept qui vous int\u00e9resse. Pratiquement, vous pouvez choisir n&rsquo;importe quel nom jusqu&rsquo;\u00e0 28 caract\u00e8res selon le principe du premier arriv\u00e9, premier servi.<\/h6>\n<h6>Votre r\u00e9seau Frogans id\u00e9al est-il encore disponible\u00a0?<br \/>\n<a href=\"https:\/\/shop.frogans-addresses.com\/fr\/home\" target=\"_blank\" rel=\"noopener\"><img loading=\"lazy\" class=\"alignnone wp-image-940 size-full\" src=\"https:\/\/frogans-addresses.com\/wp-content\/uploads\/2018\/10\/button-fr.png\" alt=\"V\u00e9rifiez les disponibilit\u00e9s !\" width=\"263\" height=\"40\" \/><\/a><br \/>\nS&rsquo;il est disponible, vous pouvez r\u00e9server votre r\u00e9seau id\u00e9al imm\u00e9diatement. Vous et vous seul pourrez ensuite enregistrer n&rsquo;importe quel nom de site dans votre r\u00e9seau, en quelques clics sur cette m\u00eame plateforme.<\/h6>\n<h6><strong>Note :<\/strong> si votre r\u00e9seau Frogans id\u00e9al a d\u00e9j\u00e0 \u00e9t\u00e9 r\u00e9serv\u00e9 par quelqu&rsquo;un d&rsquo;autre, <a href=\"mailto:aftermarket@frogans-addresses.com\">contactez-nous<\/a> pour \u00e9valuer vos options.<\/h6>\n<p>&nbsp;<\/p>\n<h3><strong>Vos adresses Frogans sont prot\u00e9g\u00e9es<br \/>\n<\/strong><\/h3>\n<h6><strong>Les noms qui pourraient \u00eatre confondus avec vos r\u00e9seaux et sites enregistr\u00e9s ne peuvent pas \u00eatre enregistr\u00e9s. Exemples:<\/strong><\/h6>\n<ul>\n<li>\n<h6>MARSEILLE est identique \u00e0 Marseille (la casse <span id=\"result_box\" class=\"short_text\" lang=\"fr\"><span class=\"\">n&rsquo;a pas d&rsquo;importance<\/span><\/span>)<\/h6>\n<\/li>\n<li>\n<h6>RlCHARD (avec un \u00ab\u00a0l\u00a0\u00bb minuscule) et RICHARD (avec un \u00ab\u00a0i\u00a0\u00bb majuscule) sont identiques<\/h6>\n<\/li>\n<li>\n<h6>\u5b81 est consid\u00e9r\u00e9 comme identique \u00e0 \u5be7 car \u5b81 et \u5be7 signifient tous les deux \u00ab\u00a0paisible\u00a0\u00bb, en chinois simplifi\u00e9 et traditionnel<\/h6>\n<\/li>\n<li>\n<h6>app (en lettres latines) et \u0430\u0440\u0440 (en lettres cyrilliques) sont consid\u00e9r\u00e9s comme identiques<\/h6>\n<\/li>\n<\/ul>\n<h6><strong><br \/>\nLes r\u00e8gles d\u00e9taill\u00e9es pour l\u2019enregistrement et la r\u00e9solution de conflits :<\/strong><\/h6>\n<ul>\n<li>\n<h6>Pour plus d\u2019informations sur l\u2019enregistrement de r\u00e9seaux Frogans, consultez <a href=\"https:\/\/fcr.frogans\/fr\/resources\/prp-ent\/access.html\" target=\"_blank\" rel=\"noopener\">les r\u00e8gles d\u2019enregistrement<\/a>.<\/h6>\n<\/li>\n<li>\n<h6>Comme avec toutes les technologies Internet majeures, certains termes sont r\u00e9serv\u00e9s. Consultez <a href=\"https:\/\/fcr.frogans\/fr\/resources\/reserved-terms\/access.html\" target=\"_blank\" rel=\"noopener\">la liste des termes r\u00e9serv\u00e9s<\/a>.<\/h6>\n<\/li>\n<li>\n<h6>Que se passe-t-il en cas de conflit sur une adresse ? Consultez la <a href=\"https:\/\/www.frogans.org\/fr\/resources\/udrpf\/access.html\" target=\"_blank\" rel=\"noopener\">Charte de R\u00e8glement Uniforme des Litiges pour les Adresses Frogans<\/a>.<\/h6>\n<\/li>\n<\/ul>","protected":false},"excerpt":{"rendered":"<p>Comment choisir vos adresses Frogans ? Les adresses Frogans suivent un format simple. Vous devez d&rsquo;abord choisir le r\u00e9seau et, si possible, enregistrer votre nom de site dans ce r\u00e9seau. &nbsp; Si vous \u00eates un particulier ou une petite organisation Vous avez besoin d&rsquo;une adresse Frogans ou deux. Le plus simple est de choisir cette [&hellip;]<\/p>\n","protected":false},"author":1,"featured_media":0,"parent":0,"menu_order":0,"comment_status":"closed","ping_status":"closed","template":"","meta":[],"yoast_head":"<!-- This site is optimized with the Yoast SEO plugin v18.9 - https:\/\/yoast.com\/wordpress\/plugins\/seo\/ -->\n<title>Comment choisir vos adresses Frogans &raquo; Frogans Addresses For All<\/title>\n<meta name=\"description\" content=\"Frogans registration guide for all\" \/>\n<meta name=\"robots\" content=\"index, follow, max-snippet:-1, max-image-preview:large, max-video-preview:-1\" \/>\n<link rel=\"canonical\" href=\"https:\/\/frogans-addresses.com\/how-to\/\" \/>\n<meta property=\"og:locale\" content=\"fr_FR\" \/>\n<meta property=\"og:type\" content=\"article\" \/>\n<meta property=\"og:title\" content=\"Comment choisir vos adresses Frogans &raquo; Frogans Addresses For All\" \/>\n<meta property=\"og:description\" content=\"Frogans registration guide for all\" \/>\n<meta property=\"og:url\" content=\"https:\/\/frogans-addresses.com\/how-to\/\" \/>\n<meta property=\"og:site_name\" content=\"Frogans Addresses For All\" \/>\n<meta property=\"article:modified_time\" content=\"2019-01-11T16:44:19+00:00\" \/>\n<meta property=\"og:image\" content=\"https:\/\/frogans-addresses.com\/wp-content\/uploads\/2018\/11\/FA-pattern-EN.png\" \/>\n<meta name=\"twitter:card\" content=\"summary\" \/>\n<meta name=\"twitter:site\" content=\"@FrogAdd\" \/>\n<meta name=\"twitter:label1\" content=\"Dur\u00e9e de lecture estim\u00e9e\" \/>\n\t<meta name=\"twitter:data1\" content=\"5 minutes\" \/>\n<script type=\"application\/ld+json\" class=\"yoast-schema-graph\">{\"@context\":\"https:\/\/schema.org\",\"@graph\":[{\"@type\":\"WebSite\",\"@id\":\"https:\/\/frogans-addresses.com\/fr\/#website\",\"url\":\"https:\/\/frogans-addresses.com\/fr\/\",\"name\":\"Frogans Addresses For All\",\"description\":\"Enfin un Internet simple pour tous\",\"potentialAction\":[{\"@type\":\"SearchAction\",\"target\":{\"@type\":\"EntryPoint\",\"urlTemplate\":\"https:\/\/frogans-addresses.com\/fr\/?s={search_term_string}\"},\"query-input\":\"required name=search_term_string\"}],\"inLanguage\":\"fr-FR\"},{\"@type\":\"ImageObject\",\"inLanguage\":\"fr-FR\",\"@id\":\"https:\/\/frogans-addresses.com\/how-to\/#primaryimage\",\"url\":\"https:\/\/frogans-addresses.com\/wp-content\/uploads\/2018\/11\/FA-pattern-EN.png\",\"contentUrl\":\"https:\/\/frogans-addresses.com\/wp-content\/uploads\/2018\/11\/FA-pattern-EN.png\",\"width\":450,\"height\":50},{\"@type\":\"WebPage\",\"@id\":\"https:\/\/frogans-addresses.com\/how-to\/#webpage\",\"url\":\"https:\/\/frogans-addresses.com\/how-to\/\",\"name\":\"Comment choisir vos adresses Frogans &raquo; Frogans Addresses For All\",\"isPartOf\":{\"@id\":\"https:\/\/frogans-addresses.com\/fr\/#website\"},\"primaryImageOfPage\":{\"@id\":\"https:\/\/frogans-addresses.com\/how-to\/#primaryimage\"},\"datePublished\":\"2018-10-24T13:58:00+00:00\",\"dateModified\":\"2019-01-11T16:44:19+00:00\",\"description\":\"Frogans registration guide for all\",\"breadcrumb\":{\"@id\":\"https:\/\/frogans-addresses.com\/how-to\/#breadcrumb\"},\"inLanguage\":\"fr-FR\",\"potentialAction\":[{\"@type\":\"ReadAction\",\"target\":[\"https:\/\/frogans-addresses.com\/how-to\/\"]}]},{\"@type\":\"BreadcrumbList\",\"@id\":\"https:\/\/frogans-addresses.com\/how-to\/#breadcrumb\",\"itemListElement\":[{\"@type\":\"ListItem\",\"position\":1,\"name\":\"Home\",\"item\":\"https:\/\/frogans-addresses.com\/fr\/\"},{\"@type\":\"ListItem\",\"position\":2,\"name\":\"How to pick your Frogans address(es)\"}]}]}<\/script>\n<!-- \/ Yoast SEO plugin. -->","yoast_head_json":{"title":"Comment choisir vos adresses Frogans &raquo; Frogans Addresses For All","description":"Frogans registration guide for all","robots":{"index":"index","follow":"follow","max-snippet":"max-snippet:-1","max-image-preview":"max-image-preview:large","max-video-preview":"max-video-preview:-1"},"canonical":"https:\/\/frogans-addresses.com\/how-to\/","og_locale":"fr_FR","og_type":"article","og_title":"Comment choisir vos adresses Frogans &raquo; Frogans Addresses For All","og_description":"Frogans registration guide for all","og_url":"https:\/\/frogans-addresses.com\/how-to\/","og_site_name":"Frogans Addresses For All","article_modified_time":"2019-01-11T16:44:19+00:00","og_image":[{"url":"https:\/\/frogans-addresses.com\/wp-content\/uploads\/2018\/11\/FA-pattern-EN.png"}],"twitter_card":"summary","twitter_site":"@FrogAdd","twitter_misc":{"Dur\u00e9e de lecture estim\u00e9e":"5 minutes"},"schema":{"@context":"https:\/\/schema.org","@graph":[{"@type":"WebSite","@id":"https:\/\/frogans-addresses.com\/fr\/#website","url":"https:\/\/frogans-addresses.com\/fr\/","name":"Frogans Addresses For All","description":"Enfin un Internet simple pour tous","potentialAction":[{"@type":"SearchAction","target":{"@type":"EntryPoint","urlTemplate":"https:\/\/frogans-addresses.com\/fr\/?s={search_term_string}"},"query-input":"required name=search_term_string"}],"inLanguage":"fr-FR"},{"@type":"ImageObject","inLanguage":"fr-FR","@id":"https:\/\/frogans-addresses.com\/how-to\/#primaryimage","url":"https:\/\/frogans-addresses.com\/wp-content\/uploads\/2018\/11\/FA-pattern-EN.png","contentUrl":"https:\/\/frogans-addresses.com\/wp-content\/uploads\/2018\/11\/FA-pattern-EN.png","width":450,"height":50},{"@type":"WebPage","@id":"https:\/\/frogans-addresses.com\/how-to\/#webpage","url":"https:\/\/frogans-addresses.com\/how-to\/","name":"Comment choisir vos adresses Frogans &raquo; Frogans Addresses For All","isPartOf":{"@id":"https:\/\/frogans-addresses.com\/fr\/#website"},"primaryImageOfPage":{"@id":"https:\/\/frogans-addresses.com\/how-to\/#primaryimage"},"datePublished":"2018-10-24T13:58:00+00:00","dateModified":"2019-01-11T16:44:19+00:00","description":"Frogans registration guide for all","breadcrumb":{"@id":"https:\/\/frogans-addresses.com\/how-to\/#breadcrumb"},"inLanguage":"fr-FR","potentialAction":[{"@type":"ReadAction","target":["https:\/\/frogans-addresses.com\/how-to\/"]}]},{"@type":"BreadcrumbList","@id":"https:\/\/frogans-addresses.com\/how-to\/#breadcrumb","itemListElement":[{"@type":"ListItem","position":1,"name":"Home","item":"https:\/\/frogans-addresses.com\/fr\/"},{"@type":"ListItem","position":2,"name":"How to pick your Frogans address(es)"}]}]}},"_links":{"self":[{"href":"https:\/\/frogans-addresses.com\/fr\/wp-json\/wp\/v2\/pages\/1745"}],"collection":[{"href":"https:\/\/frogans-addresses.com\/fr\/wp-json\/wp\/v2\/pages"}],"about":[{"href":"https:\/\/frogans-addresses.com\/fr\/wp-json\/wp\/v2\/types\/page"}],"author":[{"embeddable":true,"href":"https:\/\/frogans-addresses.com\/fr\/wp-json\/wp\/v2\/users\/1"}],"replies":[{"embeddable":true,"href":"https:\/\/frogans-addresses.com\/fr\/wp-json\/wp\/v2\/comments?post=1745"}],"version-history":[{"count":170,"href":"https:\/\/frogans-addresses.com\/fr\/wp-json\/wp\/v2\/pages\/1745\/revisions"}],"predecessor-version":[{"id":2561,"href":"https:\/\/frogans-addresses.com\/fr\/wp-json\/wp\/v2\/pages\/1745\/revisions\/2561"}],"wp:attachment":[{"href":"https:\/\/frogans-addresses.com\/fr\/wp-json\/wp\/v2\/media?parent=1745"}],"curies":[{"name":"wp","href":"https:\/\/api.w.org\/{rel}","templated":true}]}}