{"id":2149,"date":"2018-11-06T02:44:19","date_gmt":"2018-11-06T06:44:19","guid":{"rendered":"https:\/\/frogans-addresses.com\/?page_id=2149"},"modified":"2022-01-06T09:04:43","modified_gmt":"2022-01-06T13:04:43","slug":"pilots","status":"publish","type":"page","link":"https:\/\/frogans-addresses.com\/fr\/pilots\/","title":{"rendered":"Sites pilotes sur Frogans"},"content":{"rendered":"<h1><strong><br \/>\nQue peut-on faire sur Frogans ?<\/strong><\/h1>\n<h4>Parce que chacun aspire \u00e0 des exp\u00e9riences en ligne simples, Frogans est la plateforme parfaite pour concevoir les usages de demain.<\/h4>\n<h6>Frogans \u00e9merge de 20 ans de R&amp;D et de nouveaux concepts sont d\u00e9velopp\u00e9s chaque jour. Ci-dessous quelques exemples de notre programme pilote Frogans &#8211; chaque \u00e9diteur est masqu\u00e9 jusqu&rsquo;au lancement officiel.<\/h6>\n<h6><a href=\"https:\/\/frogans-addresses.com\/fr\/loyalty\/\"><img loading=\"lazy\" class=\"img-margin-2 alignnone wp-image-2529 size-medium\" src=\"https:\/\/frogans-addresses.com\/wp-content\/uploads\/2018\/12\/pilot_instoresalesFR-300x300.png\" alt=\"Stimuler les ventes en magasin avec un programme de fid\u00e9lit\u00e9 visuel\" width=\"300\" height=\"300\" srcset=\"https:\/\/frogans-addresses.com\/wp-content\/uploads\/2018\/12\/pilot_instoresalesFR-300x300.png 300w, https:\/\/frogans-addresses.com\/wp-content\/uploads\/2018\/12\/pilot_instoresalesFR-150x150.png 150w, https:\/\/frogans-addresses.com\/wp-content\/uploads\/2018\/12\/pilot_instoresalesFR.png 660w\" sizes=\"(max-width: 300px) 100vw, 300px\" \/><\/a><a href=\"https:\/\/frogans-addresses.com\/fr\/sponsorship\/\"><img loading=\"lazy\" class=\"img-margin-2 alignnone wp-image-2528 size-medium\" src=\"https:\/\/frogans-addresses.com\/wp-content\/uploads\/2018\/12\/pilot_affinityFR-300x300.png\" alt=\"D\u00e9velopper l'affinit\u00e9 de marque avec une activation sponsoring originale\" width=\"300\" height=\"300\" srcset=\"https:\/\/frogans-addresses.com\/wp-content\/uploads\/2018\/12\/pilot_affinityFR-300x300.png 300w, https:\/\/frogans-addresses.com\/wp-content\/uploads\/2018\/12\/pilot_affinityFR-150x150.png 150w, https:\/\/frogans-addresses.com\/wp-content\/uploads\/2018\/12\/pilot_affinityFR.png 660w\" sizes=\"(max-width: 300px) 100vw, 300px\" \/><\/a><a href=\"https:\/\/frogans-addresses.com\/fr\/showcase\/\"><img loading=\"lazy\" class=\"img-margin-2 alignnone wp-image-2527 size-medium\" src=\"https:\/\/frogans-addresses.com\/wp-content\/uploads\/2018\/12\/pilot_conversionFR-300x300.png\" alt=\"Convertir prospects en clients avec une vitrine produit innovante\" width=\"300\" height=\"300\" srcset=\"https:\/\/frogans-addresses.com\/wp-content\/uploads\/2018\/12\/pilot_conversionFR-300x300.png 300w, https:\/\/frogans-addresses.com\/wp-content\/uploads\/2018\/12\/pilot_conversionFR-150x150.png 150w, https:\/\/frogans-addresses.com\/wp-content\/uploads\/2018\/12\/pilot_conversionFR.png 660w\" sizes=\"(max-width: 300px) 100vw, 300px\" \/><\/a><a href=\"https:\/\/frogans-addresses.com\/fr\/rewards\/\"><img loading=\"lazy\" class=\"img-margin-2 alignnone wp-image-2525 size-medium\" src=\"https:\/\/frogans-addresses.com\/wp-content\/uploads\/2018\/12\/pilot_onlinesalesFR-300x300.png\" alt=\"Stimuler les ventes en ligne gr\u00e2ce \u00e0 une exp\u00e9rience gratifiante\" width=\"300\" height=\"300\" srcset=\"https:\/\/frogans-addresses.com\/wp-content\/uploads\/2018\/12\/pilot_onlinesalesFR-300x300.png 300w, https:\/\/frogans-addresses.com\/wp-content\/uploads\/2018\/12\/pilot_onlinesalesFR-150x150.png 150w, https:\/\/frogans-addresses.com\/wp-content\/uploads\/2018\/12\/pilot_onlinesalesFR.png 660w\" sizes=\"(max-width: 300px) 100vw, 300px\" \/><\/a><a href=\"https:\/\/frogans-addresses.com\/fr\/extension\/\"><img loading=\"lazy\" class=\"img-margin-2 alignnone wp-image-2524 size-medium\" src=\"https:\/\/frogans-addresses.com\/wp-content\/uploads\/2018\/12\/pilot_valuesFR-300x300.png\" alt=\"Renforcer les valeurs de marque gr\u00e2ce \u00e0 une extension de produit\" width=\"300\" height=\"300\" srcset=\"https:\/\/frogans-addresses.com\/wp-content\/uploads\/2018\/12\/pilot_valuesFR-300x300.png 300w, https:\/\/frogans-addresses.com\/wp-content\/uploads\/2018\/12\/pilot_valuesFR-150x150.png 150w, https:\/\/frogans-addresses.com\/wp-content\/uploads\/2018\/12\/pilot_valuesFR.png 660w\" sizes=\"(max-width: 300px) 100vw, 300px\" \/><\/a><a href=\"https:\/\/frogans-addresses.com\/fr\/marketshare\"><img loading=\"lazy\" class=\"img-margin-2 alignnone wp-image-2526 size-medium\" src=\"https:\/\/frogans-addresses.com\/wp-content\/uploads\/2018\/12\/pilot_marketshareFR-300x300.png\" alt=\"Augmenter ses parts de march\u00e9 gr\u00e2ce \u00e0 une exp\u00e9rience naturelle\" width=\"300\" height=\"300\" srcset=\"https:\/\/frogans-addresses.com\/wp-content\/uploads\/2018\/12\/pilot_marketshareFR-300x300.png 300w, https:\/\/frogans-addresses.com\/wp-content\/uploads\/2018\/12\/pilot_marketshareFR-150x150.png 150w, https:\/\/frogans-addresses.com\/wp-content\/uploads\/2018\/12\/pilot_marketshareFR.png 660w\" sizes=\"(max-width: 300px) 100vw, 300px\" \/><\/a><\/h6>\n<p>&nbsp;<\/p>\n<h6><strong><br \/>\nTester de nouveaux usages sur Frogans est facilit\u00e9 par des principes de d\u00e9veloppement \u00e9l\u00e9mentaires :<br \/>\n<\/strong><\/h6>\n<ul>\n<li>\n<h6>Tout Frogans est d\u00e9crit en un seul langage simple, appel\u00e9 FSDL. Pas besoin d&rsquo;\u00e9crire en feuilles de style ou en langage de script.<\/h6>\n<\/li>\n<li>\n<h6>Frogans peut se connecter aux APIs qui ont d\u00e9j\u00e0 \u00e9t\u00e9 d\u00e9velopp\u00e9es pour les sites Web et les apps.<\/h6>\n<\/li>\n<li>\n<h6>Les d\u00e9veloppeurs peuvent utiliser leur environnement de travail pr\u00e9f\u00e9r\u00e9, comme PHP ou Java.<\/h6>\n<\/li>\n<li>\n<h6>Frogans n&rsquo;a besoin d&rsquo;\u00eatre d\u00e9velopp\u00e9 et test\u00e9 que sur une plateforme. Il fonctionnera de la m\u00eame mani\u00e8re sur tous les appareils.<\/h6>\n<\/li>\n<li>\n<h6>Frogans peut \u00eatre h\u00e9berg\u00e9 sur les m\u00eames serveurs que l&rsquo;\u00e9diteur utilise d\u00e9j\u00e0 pour le Web.<\/h6>\n<\/li>\n<\/ul>\n<h1><strong><br \/>\nQue peut-on faire sur Frogans ?<\/strong><\/h1>\n<h4>Parce que chacun aspire \u00e0 des exp\u00e9riences en ligne simples, Frogans est la plateforme parfaite pour concevoir les usages de demain.<\/h4>\n<h6>Frogans \u00e9merge de 18 ans de R&amp;D et de nouveaux concepts sont d\u00e9velopp\u00e9s chaque jour. Ci-dessous quelques exemples de notre programme pilote Frogans &#8211; chaque \u00e9diteur est masqu\u00e9 jusqu&rsquo;au lancement officiel.<\/h6>\n<h6><a href=\"https:\/\/frogans-addresses.com\/fr\/loyalty\/\"><img loading=\"lazy\" class=\"img-margin-2 alignnone wp-image-2529 size-medium\" src=\"https:\/\/frogans-addresses.com\/wp-content\/uploads\/2018\/12\/pilot_instoresalesFR-300x300.png\" alt=\"Stimuler les ventes en magasin avec un programme de fid\u00e9lit\u00e9 visuel\" width=\"300\" height=\"300\" srcset=\"https:\/\/frogans-addresses.com\/wp-content\/uploads\/2018\/12\/pilot_instoresalesFR-300x300.png 300w, https:\/\/frogans-addresses.com\/wp-content\/uploads\/2018\/12\/pilot_instoresalesFR-150x150.png 150w, https:\/\/frogans-addresses.com\/wp-content\/uploads\/2018\/12\/pilot_instoresalesFR.png 660w\" sizes=\"(max-width: 300px) 100vw, 300px\" \/><\/a><a href=\"https:\/\/frogans-addresses.com\/fr\/sponsorship\/\"><img loading=\"lazy\" class=\"img-margin-2 alignnone wp-image-2528 size-medium\" src=\"https:\/\/frogans-addresses.com\/wp-content\/uploads\/2018\/12\/pilot_affinityFR-300x300.png\" alt=\"D\u00e9velopper l'affinit\u00e9 de marque avec une activation sponsoring originale\" width=\"300\" height=\"300\" srcset=\"https:\/\/frogans-addresses.com\/wp-content\/uploads\/2018\/12\/pilot_affinityFR-300x300.png 300w, https:\/\/frogans-addresses.com\/wp-content\/uploads\/2018\/12\/pilot_affinityFR-150x150.png 150w, https:\/\/frogans-addresses.com\/wp-content\/uploads\/2018\/12\/pilot_affinityFR.png 660w\" sizes=\"(max-width: 300px) 100vw, 300px\" \/><\/a><a href=\"https:\/\/frogans-addresses.com\/fr\/showcase\/\"><img loading=\"lazy\" class=\"img-margin-2 alignnone wp-image-2527 size-medium\" src=\"https:\/\/frogans-addresses.com\/wp-content\/uploads\/2018\/12\/pilot_conversionFR-300x300.png\" alt=\"Convertir prospects en clients avec une vitrine produit innovante\" width=\"300\" height=\"300\" srcset=\"https:\/\/frogans-addresses.com\/wp-content\/uploads\/2018\/12\/pilot_conversionFR-300x300.png 300w, https:\/\/frogans-addresses.com\/wp-content\/uploads\/2018\/12\/pilot_conversionFR-150x150.png 150w, https:\/\/frogans-addresses.com\/wp-content\/uploads\/2018\/12\/pilot_conversionFR.png 660w\" sizes=\"(max-width: 300px) 100vw, 300px\" \/><\/a><a href=\"https:\/\/frogans-addresses.com\/fr\/rewards\/\"><img loading=\"lazy\" class=\"img-margin-2 alignnone wp-image-2525 size-medium\" src=\"https:\/\/frogans-addresses.com\/wp-content\/uploads\/2018\/12\/pilot_onlinesalesFR-300x300.png\" alt=\"Stimuler les ventes en ligne gr\u00e2ce \u00e0 une exp\u00e9rience gratifiante\" width=\"300\" height=\"300\" srcset=\"https:\/\/frogans-addresses.com\/wp-content\/uploads\/2018\/12\/pilot_onlinesalesFR-300x300.png 300w, https:\/\/frogans-addresses.com\/wp-content\/uploads\/2018\/12\/pilot_onlinesalesFR-150x150.png 150w, https:\/\/frogans-addresses.com\/wp-content\/uploads\/2018\/12\/pilot_onlinesalesFR.png 660w\" sizes=\"(max-width: 300px) 100vw, 300px\" \/><\/a><a href=\"https:\/\/frogans-addresses.com\/fr\/extension\/\"><img loading=\"lazy\" class=\"img-margin-2 alignnone wp-image-2524 size-medium\" src=\"https:\/\/frogans-addresses.com\/wp-content\/uploads\/2018\/12\/pilot_valuesFR-300x300.png\" alt=\"Renforcer les valeurs de marque gr\u00e2ce \u00e0 une extension de produit\" width=\"300\" height=\"300\" srcset=\"https:\/\/frogans-addresses.com\/wp-content\/uploads\/2018\/12\/pilot_valuesFR-300x300.png 300w, https:\/\/frogans-addresses.com\/wp-content\/uploads\/2018\/12\/pilot_valuesFR-150x150.png 150w, https:\/\/frogans-addresses.com\/wp-content\/uploads\/2018\/12\/pilot_valuesFR.png 660w\" sizes=\"(max-width: 300px) 100vw, 300px\" \/><\/a><a href=\"https:\/\/frogans-addresses.com\/fr\/marketshare\"><img loading=\"lazy\" class=\"img-margin-2 alignnone wp-image-2526 size-medium\" src=\"https:\/\/frogans-addresses.com\/wp-content\/uploads\/2018\/12\/pilot_marketshareFR-300x300.png\" alt=\"Augmenter ses parts de march\u00e9 gr\u00e2ce \u00e0 une exp\u00e9rience naturelle\" width=\"300\" height=\"300\" srcset=\"https:\/\/frogans-addresses.com\/wp-content\/uploads\/2018\/12\/pilot_marketshareFR-300x300.png 300w, https:\/\/frogans-addresses.com\/wp-content\/uploads\/2018\/12\/pilot_marketshareFR-150x150.png 150w, https:\/\/frogans-addresses.com\/wp-content\/uploads\/2018\/12\/pilot_marketshareFR.png 660w\" sizes=\"(max-width: 300px) 100vw, 300px\" \/><\/a><\/h6>\n<p>&nbsp;<\/p>\n<h6><strong><br \/>\nTester de nouveaux usages sur Frogans est facilit\u00e9 par des principes de d\u00e9veloppement \u00e9l\u00e9mentaires :<br \/>\n<\/strong><\/h6>\n<ul>\n<li>\n<h6>Tout Frogans est d\u00e9crit en un seul langage simple, appel\u00e9 FSDL. Pas besoin d&rsquo;\u00e9crire en feuilles de style ou en langage de script.<\/h6>\n<\/li>\n<li>\n<h6>Frogans peut se connecter aux APIs qui ont d\u00e9j\u00e0 \u00e9t\u00e9 d\u00e9velopp\u00e9es pour les sites Web et les apps.<\/h6>\n<\/li>\n<li>\n<h6>Les d\u00e9veloppeurs peuvent utiliser leur environnement de travail pr\u00e9f\u00e9r\u00e9, comme PHP ou Java.<\/h6>\n<\/li>\n<li>\n<h6>Frogans n&rsquo;a besoin d&rsquo;\u00eatre d\u00e9velopp\u00e9 et test\u00e9 que sur une plateforme. Il fonctionnera de la m\u00eame mani\u00e8re sur tous les appareils.<\/h6>\n<\/li>\n<li>\n<h6>Frogans peut \u00eatre h\u00e9berg\u00e9 sur les m\u00eames serveurs que l&rsquo;\u00e9diteur utilise d\u00e9j\u00e0 pour le Web.<\/h6>\n<\/li>\n<\/ul>","protected":false},"excerpt":{"rendered":"<p>Que peut-on faire sur Frogans ? Parce que chacun aspire \u00e0 des exp\u00e9riences en ligne simples, Frogans est la plateforme parfaite pour concevoir les usages de demain. Frogans \u00e9merge de 20 ans de R&amp;D et de nouveaux concepts sont d\u00e9velopp\u00e9s chaque jour. Ci-dessous quelques exemples de notre programme pilote Frogans &#8211; chaque \u00e9diteur est masqu\u00e9 [&hellip;]<\/p>\n","protected":false},"author":1,"featured_media":0,"parent":0,"menu_order":0,"comment_status":"closed","ping_status":"closed","template":"","meta":[],"yoast_head":"<!-- This site is optimized with the Yoast SEO plugin v18.9 - https:\/\/yoast.com\/wordpress\/plugins\/seo\/ -->\n<title>Sites pilotes sur Frogans &raquo; Frogans Addresses For All<\/title>\n<meta name=\"description\" content=\"Id\u00e9es pour d\u00e9velopper les usages en ligne de demain\" \/>\n<meta name=\"robots\" content=\"index, follow, max-snippet:-1, max-image-preview:large, max-video-preview:-1\" \/>\n<link rel=\"canonical\" href=\"https:\/\/frogans-addresses.com\/pilots\/\" \/>\n<meta property=\"og:locale\" content=\"fr_FR\" \/>\n<meta property=\"og:type\" content=\"article\" \/>\n<meta property=\"og:title\" content=\"[:en]Sites pilotes sur Frogans &raquo; Frogans Addresses For All [:fr]Sites pilotes sur Frogans &raquo; Frogans Addresses For All [:es]Sites pilotes sur Frogans [:]\" \/>\n<meta property=\"og:description\" content=\"{:en}Ideas to develop online uses of tomorrowIdeas to develop online uses of tomorrowIdeas to develop online uses of tomorrow{:fr}Id\u00e9es pour d\u00e9velopper les usages en ligne de demain{:es}Ideas para desarrollar los usos en l\u00ednea de ma\u00f1anaIdeas para desarrollar los usos en l\u00ednea de ma\u00f1anaIdeas para desarrollar los usos en l\u00ednea de ma\u00f1anaSecure your Frogans addresses now: Premium brands, products, community and geographical names are still available as network names and site names.{:}\" \/>\n<meta property=\"og:url\" content=\"https:\/\/frogans-addresses.com\/pilots\/\" \/>\n<meta property=\"og:site_name\" content=\"Frogans Addresses For All\" \/>\n<meta property=\"article:modified_time\" content=\"2022-01-06T13:04:43+00:00\" \/>\n<meta property=\"og:image\" content=\"https:\/\/frogans-addresses.com\/wp-content\/uploads\/2018\/11\/pilot_salesEN-300x300.png\" \/>\n<meta name=\"twitter:card\" content=\"summary\" \/>\n<meta name=\"twitter:site\" content=\"@FrogAdd\" \/>\n<meta name=\"twitter:label1\" content=\"Dur\u00e9e de lecture estim\u00e9e\" \/>\n\t<meta name=\"twitter:data1\" content=\"2 minutes\" \/>\n<script type=\"application\/ld+json\" class=\"yoast-schema-graph\">{\"@context\":\"https:\/\/schema.org\",\"@graph\":[{\"@type\":\"WebSite\",\"@id\":\"https:\/\/frogans-addresses.com\/fr\/#website\",\"url\":\"https:\/\/frogans-addresses.com\/fr\/\",\"name\":\"Frogans Addresses For All\",\"description\":\"Enfin un Internet simple pour tous\",\"potentialAction\":[{\"@type\":\"SearchAction\",\"target\":{\"@type\":\"EntryPoint\",\"urlTemplate\":\"https:\/\/frogans-addresses.com\/fr\/?s={search_term_string}\"},\"query-input\":\"required name=search_term_string\"}],\"inLanguage\":\"fr-FR\"},{\"@type\":\"ImageObject\",\"inLanguage\":\"fr-FR\",\"@id\":\"https:\/\/frogans-addresses.com\/pilots\/#primaryimage\",\"url\":\"https:\/\/frogans-addresses.com\/wp-content\/uploads\/2018\/11\/pilot_salesEN.png\",\"contentUrl\":\"https:\/\/frogans-addresses.com\/wp-content\/uploads\/2018\/11\/pilot_salesEN.png\",\"width\":660,\"height\":660,\"caption\":\"Drive sales in-store with visual loyalty program\"},{\"@type\":\"WebPage\",\"@id\":\"https:\/\/frogans-addresses.com\/pilots\/#webpage\",\"url\":\"https:\/\/frogans-addresses.com\/pilots\/\",\"name\":\"[:en]Sites pilotes sur Frogans &raquo; Frogans Addresses For All [:fr]Sites pilotes sur Frogans &raquo; Frogans Addresses For All [:es]Sites pilotes sur Frogans [:]\",\"isPartOf\":{\"@id\":\"https:\/\/frogans-addresses.com\/fr\/#website\"},\"primaryImageOfPage\":{\"@id\":\"https:\/\/frogans-addresses.com\/pilots\/#primaryimage\"},\"datePublished\":\"2018-11-06T06:44:19+00:00\",\"dateModified\":\"2022-01-06T13:04:43+00:00\",\"description\":\"{:en}Ideas to develop online uses of tomorrowIdeas to develop online uses of tomorrowIdeas to develop online uses of tomorrow{:fr}Id\u00e9es pour d\u00e9velopper les usages en ligne de demain{:es}Ideas para desarrollar los usos en l\u00ednea de ma\u00f1anaIdeas para desarrollar los usos en l\u00ednea de ma\u00f1anaIdeas para desarrollar los usos en l\u00ednea de ma\u00f1anaSecure your Frogans addresses now: Premium brands, products, community and geographical names are still available as network names and site names.{:}\",\"breadcrumb\":{\"@id\":\"https:\/\/frogans-addresses.com\/pilots\/#breadcrumb\"},\"inLanguage\":\"fr-FR\",\"potentialAction\":[{\"@type\":\"ReadAction\",\"target\":[\"https:\/\/frogans-addresses.com\/pilots\/\"]}]},{\"@type\":\"BreadcrumbList\",\"@id\":\"https:\/\/frogans-addresses.com\/pilots\/#breadcrumb\",\"itemListElement\":[{\"@type\":\"ListItem\",\"position\":1,\"name\":\"Home\",\"item\":\"https:\/\/frogans-addresses.com\/fr\/\"},{\"@type\":\"ListItem\",\"position\":2,\"name\":\"Pilot sites on Frogans\"}]}]}<\/script>\n<!-- \/ Yoast SEO plugin. -->","yoast_head_json":{"title":"Sites pilotes sur Frogans &raquo; Frogans Addresses For All","description":"Id\u00e9es pour d\u00e9velopper les usages en ligne de demain","robots":{"index":"index","follow":"follow","max-snippet":"max-snippet:-1","max-image-preview":"max-image-preview:large","max-video-preview":"max-video-preview:-1"},"canonical":"https:\/\/frogans-addresses.com\/pilots\/","og_locale":"fr_FR","og_type":"article","og_title":"[:en]Sites pilotes sur Frogans &raquo; Frogans Addresses For All [:fr]Sites pilotes sur Frogans &raquo; Frogans Addresses For All [:es]Sites pilotes sur Frogans [:]","og_description":"{:en}Ideas to develop online uses of tomorrowIdeas to develop online uses of tomorrowIdeas to develop online uses of tomorrow{:fr}Id\u00e9es pour d\u00e9velopper les usages en ligne de demain{:es}Ideas para desarrollar los usos en l\u00ednea de ma\u00f1anaIdeas para desarrollar los usos en l\u00ednea de ma\u00f1anaIdeas para desarrollar los usos en l\u00ednea de ma\u00f1anaSecure your Frogans addresses now: Premium brands, products, community and geographical names are still available as network names and site names.{:}","og_url":"https:\/\/frogans-addresses.com\/pilots\/","og_site_name":"Frogans Addresses For All","article_modified_time":"2022-01-06T13:04:43+00:00","og_image":[{"url":"https:\/\/frogans-addresses.com\/wp-content\/uploads\/2018\/11\/pilot_salesEN-300x300.png"}],"twitter_card":"summary","twitter_site":"@FrogAdd","twitter_misc":{"Dur\u00e9e de lecture estim\u00e9e":"2 minutes"},"schema":{"@context":"https:\/\/schema.org","@graph":[{"@type":"WebSite","@id":"https:\/\/frogans-addresses.com\/fr\/#website","url":"https:\/\/frogans-addresses.com\/fr\/","name":"Frogans Addresses For All","description":"Enfin un Internet simple pour tous","potentialAction":[{"@type":"SearchAction","target":{"@type":"EntryPoint","urlTemplate":"https:\/\/frogans-addresses.com\/fr\/?s={search_term_string}"},"query-input":"required name=search_term_string"}],"inLanguage":"fr-FR"},{"@type":"ImageObject","inLanguage":"fr-FR","@id":"https:\/\/frogans-addresses.com\/pilots\/#primaryimage","url":"https:\/\/frogans-addresses.com\/wp-content\/uploads\/2018\/11\/pilot_salesEN.png","contentUrl":"https:\/\/frogans-addresses.com\/wp-content\/uploads\/2018\/11\/pilot_salesEN.png","width":660,"height":660,"caption":"Drive sales in-store with visual loyalty program"},{"@type":"WebPage","@id":"https:\/\/frogans-addresses.com\/pilots\/#webpage","url":"https:\/\/frogans-addresses.com\/pilots\/","name":"[:en]Sites pilotes sur Frogans &raquo; Frogans Addresses For All [:fr]Sites pilotes sur Frogans &raquo; Frogans Addresses For All [:es]Sites pilotes sur Frogans [:]","isPartOf":{"@id":"https:\/\/frogans-addresses.com\/fr\/#website"},"primaryImageOfPage":{"@id":"https:\/\/frogans-addresses.com\/pilots\/#primaryimage"},"datePublished":"2018-11-06T06:44:19+00:00","dateModified":"2022-01-06T13:04:43+00:00","description":"{:en}Ideas to develop online uses of tomorrowIdeas to develop online uses of tomorrowIdeas to develop online uses of tomorrow{:fr}Id\u00e9es pour d\u00e9velopper les usages en ligne de demain{:es}Ideas para desarrollar los usos en l\u00ednea de ma\u00f1anaIdeas para desarrollar los usos en l\u00ednea de ma\u00f1anaIdeas para desarrollar los usos en l\u00ednea de ma\u00f1anaSecure your Frogans addresses now: Premium brands, products, community and geographical names are still available as network names and site names.{:}","breadcrumb":{"@id":"https:\/\/frogans-addresses.com\/pilots\/#breadcrumb"},"inLanguage":"fr-FR","potentialAction":[{"@type":"ReadAction","target":["https:\/\/frogans-addresses.com\/pilots\/"]}]},{"@type":"BreadcrumbList","@id":"https:\/\/frogans-addresses.com\/pilots\/#breadcrumb","itemListElement":[{"@type":"ListItem","position":1,"name":"Home","item":"https:\/\/frogans-addresses.com\/fr\/"},{"@type":"ListItem","position":2,"name":"Pilot sites on Frogans"}]}]}},"_links":{"self":[{"href":"https:\/\/frogans-addresses.com\/fr\/wp-json\/wp\/v2\/pages\/2149"}],"collection":[{"href":"https:\/\/frogans-addresses.com\/fr\/wp-json\/wp\/v2\/pages"}],"about":[{"href":"https:\/\/frogans-addresses.com\/fr\/wp-json\/wp\/v2\/types\/page"}],"author":[{"embeddable":true,"href":"https:\/\/frogans-addresses.com\/fr\/wp-json\/wp\/v2\/users\/1"}],"replies":[{"embeddable":true,"href":"https:\/\/frogans-addresses.com\/fr\/wp-json\/wp\/v2\/comments?post=2149"}],"version-history":[{"count":106,"href":"https:\/\/frogans-addresses.com\/fr\/wp-json\/wp\/v2\/pages\/2149\/revisions"}],"predecessor-version":[{"id":2722,"href":"https:\/\/frogans-addresses.com\/fr\/wp-json\/wp\/v2\/pages\/2149\/revisions\/2722"}],"wp:attachment":[{"href":"https:\/\/frogans-addresses.com\/fr\/wp-json\/wp\/v2\/media?parent=2149"}],"curies":[{"name":"wp","href":"https:\/\/api.w.org\/{rel}","templated":true}]}}