{"id":2467,"date":"2018-12-04T13:54:04","date_gmt":"2018-12-04T17:54:04","guid":{"rendered":"https:\/\/frogans-addresses.com\/?page_id=2467"},"modified":"2019-01-01T16:28:23","modified_gmt":"2019-01-01T20:28:23","slug":"rewards","status":"publish","type":"page","link":"https:\/\/frogans-addresses.com\/fr\/rewards\/","title":{"rendered":"Une exp\u00e9rience gratifiante sur Frogans"},"content":{"rendered":"<h4><\/h4>\n<p><a href=\"https:\/\/frogans-addresses.com\/pilots\"><img loading=\"lazy\" class=\"img-margin-2 alignnone wp-image-2303 size-medium\" style=\"float: right;\" src=\"https:\/\/frogans-addresses.com\/wp-content\/uploads\/2018\/11\/FAFAPilotProgram-1-300x300.png\" alt=\"\" width=\"300\" height=\"300\" srcset=\"https:\/\/frogans-addresses.com\/wp-content\/uploads\/2018\/11\/FAFAPilotProgram-1-300x300.png 300w, https:\/\/frogans-addresses.com\/wp-content\/uploads\/2018\/11\/FAFAPilotProgram-1-150x150.png 150w, https:\/\/frogans-addresses.com\/wp-content\/uploads\/2018\/11\/FAFAPilotProgram-1.png 319w\" sizes=\"(max-width: 300px) 100vw, 300px\" \/><\/a><\/p>\n<h1><strong>Stimuler les ventes en ligne avec une exp\u00e9rience gratifiante<br \/>\n<\/strong><\/h1>\n<h4>Au-del\u00e0 du site Web habituel pour pr\u00e9senter son programme de fid\u00e9lit\u00e9, Escape Hotels utilisera Frogans pour gratifier chacun de ses members d&rsquo;une exp\u00e9rience digitale bas\u00e9e sur ses go\u00fbts personnels.<\/h4>\n<h6>Ce programme pilote sur Frogans passe en revue de magnifiques cartes postales d&rsquo;hotels du groupe que le clients peut r\u00e9server en un clic. Il est accessible sur n&rsquo;importe quel appareil connect\u00e9 \u00e0 une adresse qui unit la marque et l&rsquo;identifiant du client, par exemple Escape*123456789.<\/h6>\n<p>&nbsp;<\/p>\n<h6>Voici \u00e0 quoi ressemble cette experience sur leur \u00e9cran d&rsquo;ordinateur :<\/h6>\n<div class=\"clearfix\">\n<img loading=\"lazy\" class=\"imgL alignnone wp-image-2477 size-full\" src=\"https:\/\/frogans-addresses.com\/wp-content\/uploads\/2018\/12\/pilot_escape7.png\" alt=\"Un choix de photos originales qui d\u00e9pend des pr\u00e9f\u00e9rences du client.\" width=\"1360\" height=\"768\" srcset=\"https:\/\/frogans-addresses.com\/wp-content\/uploads\/2018\/12\/pilot_escape7.png 1360w, https:\/\/frogans-addresses.com\/wp-content\/uploads\/2018\/12\/pilot_escape7-300x169.png 300w, https:\/\/frogans-addresses.com\/wp-content\/uploads\/2018\/12\/pilot_escape7-768x434.png 768w, https:\/\/frogans-addresses.com\/wp-content\/uploads\/2018\/12\/pilot_escape7-1024x578.png 1024w\" sizes=\"(max-width: 1360px) 100vw, 1360px\" \/>\n<h6><em>Un choix de photos originales qui d\u00e9pend des pr\u00e9f\u00e9rences du client.<\/em><\/h6>\n<\/div>\n<div class=\"clearfix\">\n<img loading=\"lazy\" class=\"imgL alignnone wp-image-2478 size-full\" src=\"https:\/\/frogans-addresses.com\/wp-content\/uploads\/2018\/12\/pilot_escape6.png\" alt=\"Frogans reste au-dessus de toutes les fen\u00eatres \u00e0 l'\u00e9cran.\" width=\"1360\" height=\"768\" srcset=\"https:\/\/frogans-addresses.com\/wp-content\/uploads\/2018\/12\/pilot_escape6.png 1360w, https:\/\/frogans-addresses.com\/wp-content\/uploads\/2018\/12\/pilot_escape6-300x169.png 300w, https:\/\/frogans-addresses.com\/wp-content\/uploads\/2018\/12\/pilot_escape6-768x434.png 768w, https:\/\/frogans-addresses.com\/wp-content\/uploads\/2018\/12\/pilot_escape6-1024x578.png 1024w\" sizes=\"(max-width: 1360px) 100vw, 1360px\" \/>\n<h6><em>Frogans reste au-dessus de toutes les fen\u00eatres \u00e0 l&rsquo;\u00e9cran.<\/em><\/h6>\n<\/div>\n<div class=\"clearfix\">\n<img loading=\"lazy\" class=\"imgL alignnone wp-image-2479 size-full\" src=\"https:\/\/frogans-addresses.com\/wp-content\/uploads\/2018\/12\/pilot_escapeV.png\" alt=\"La marque Escape est visible m\u00eame en taille r\u00e9duite.\" width=\"1360\" height=\"768\" srcset=\"https:\/\/frogans-addresses.com\/wp-content\/uploads\/2018\/12\/pilot_escapeV.png 1360w, https:\/\/frogans-addresses.com\/wp-content\/uploads\/2018\/12\/pilot_escapeV-300x169.png 300w, https:\/\/frogans-addresses.com\/wp-content\/uploads\/2018\/12\/pilot_escapeV-768x434.png 768w, https:\/\/frogans-addresses.com\/wp-content\/uploads\/2018\/12\/pilot_escapeV-1024x578.png 1024w\" sizes=\"(max-width: 1360px) 100vw, 1360px\" \/>\n<h6><em>La marque Escape est visible m\u00eame en taille r\u00e9duite.<\/em><\/h6>\n<\/div>\n<div class=\"clearfix\">\n<img loading=\"lazy\" class=\"imgL alignnone wp-image-2493\" src=\"https:\/\/frogans-addresses.com\/wp-content\/uploads\/2018\/12\/pilot_escape10.png\" alt=\"Frogans est exactement le m\u00eame sur mobile.\" width=\"480\" height=\"271\" srcset=\"https:\/\/frogans-addresses.com\/wp-content\/uploads\/2018\/12\/pilot_escape10.png 640w, https:\/\/frogans-addresses.com\/wp-content\/uploads\/2018\/12\/pilot_escape10-300x169.png 300w\" sizes=\"(max-width: 480px) 100vw, 480px\" \/>\n<h6><em>Frogans est exactement le m\u00eame sur mobile.<\/em><\/h6>\n<\/div>\n<div class=\"clearfix\">\n<img loading=\"lazy\" class=\"imgL alignnone wp-image-2495\" src=\"https:\/\/frogans-addresses.com\/wp-content\/uploads\/2018\/12\/pilot_escape11.png\" alt=\"Il suffit d'un clic pour r\u00e9server !\" width=\"480\" height=\"271\" srcset=\"https:\/\/frogans-addresses.com\/wp-content\/uploads\/2018\/12\/pilot_escape11.png 640w, https:\/\/frogans-addresses.com\/wp-content\/uploads\/2018\/12\/pilot_escape11-300x169.png 300w\" sizes=\"(max-width: 480px) 100vw, 480px\" \/>\n<h6><em>Il suffit d&rsquo;un clic pour r\u00e9server !<\/em><\/h6>\n<\/div>\n<h6><\/h6>\n<h6><strong>Voir <a href=\"https:\/\/frogans-addresses.com\/pilots\/\">d&rsquo;autres pilotes<\/a> d\u00e9velopp\u00e9s sur Frogans.<\/strong><\/h6>\n<p>&nbsp;","protected":false},"excerpt":{"rendered":"<p>Stimuler les ventes en ligne avec une exp\u00e9rience gratifiante Au-del\u00e0 du site Web habituel pour pr\u00e9senter son programme de fid\u00e9lit\u00e9, Escape Hotels utilisera Frogans pour gratifier chacun de ses members d&rsquo;une exp\u00e9rience digitale bas\u00e9e sur ses go\u00fbts personnels. Ce programme pilote sur Frogans passe en revue de magnifiques cartes postales d&rsquo;hotels du groupe que le [&hellip;]<\/p>\n","protected":false},"author":1,"featured_media":0,"parent":0,"menu_order":0,"comment_status":"closed","ping_status":"closed","template":"","meta":[],"yoast_head":"<!-- This site is optimized with the Yoast SEO plugin v18.9 - https:\/\/yoast.com\/wordpress\/plugins\/seo\/ -->\n<title>Une exp\u00e9rience gratifiante sur Frogans<\/title>\n<meta name=\"description\" content=\"Secure your Frogans addresses now: Premium brands, products, community and geographical names are still available as network names and site names.\" \/>\n<meta name=\"robots\" content=\"index, follow, max-snippet:-1, max-image-preview:large, max-video-preview:-1\" \/>\n<link rel=\"canonical\" href=\"https:\/\/frogans-addresses.com\/rewards\/\" \/>\n<meta property=\"og:locale\" content=\"fr_FR\" \/>\n<meta property=\"og:type\" content=\"article\" \/>\n<meta property=\"og:title\" content=\"Une exp\u00e9rience gratifiante sur Frogans\" \/>\n<meta property=\"og:description\" content=\"Secure your Frogans addresses now: Premium brands, products, community and geographical names are still available as network names and site names.\" \/>\n<meta property=\"og:url\" content=\"https:\/\/frogans-addresses.com\/rewards\/\" \/>\n<meta property=\"og:site_name\" content=\"Frogans Addresses For All\" \/>\n<meta property=\"article:modified_time\" content=\"2019-01-01T20:28:23+00:00\" \/>\n<meta property=\"og:image\" content=\"https:\/\/frogans-addresses.com\/wp-content\/uploads\/2018\/11\/FAFAPilotProgram-1-300x300.png\" \/>\n<meta name=\"twitter:card\" content=\"summary\" \/>\n<meta name=\"twitter:site\" content=\"@FrogAdd\" \/>\n<meta name=\"twitter:label1\" content=\"Dur\u00e9e de lecture estim\u00e9e\" \/>\n\t<meta name=\"twitter:data1\" content=\"1 minute\" \/>\n<script type=\"application\/ld+json\" class=\"yoast-schema-graph\">{\"@context\":\"https:\/\/schema.org\",\"@graph\":[{\"@type\":\"WebSite\",\"@id\":\"https:\/\/frogans-addresses.com\/fr\/#website\",\"url\":\"https:\/\/frogans-addresses.com\/fr\/\",\"name\":\"Frogans Addresses For All\",\"description\":\"Enfin un Internet simple pour tous\",\"potentialAction\":[{\"@type\":\"SearchAction\",\"target\":{\"@type\":\"EntryPoint\",\"urlTemplate\":\"https:\/\/frogans-addresses.com\/fr\/?s={search_term_string}\"},\"query-input\":\"required name=search_term_string\"}],\"inLanguage\":\"fr-FR\"},{\"@type\":\"ImageObject\",\"inLanguage\":\"fr-FR\",\"@id\":\"https:\/\/frogans-addresses.com\/rewards\/#primaryimage\",\"url\":\"https:\/\/frogans-addresses.com\/wp-content\/uploads\/2018\/11\/FAFAPilotProgram-1.png\",\"contentUrl\":\"https:\/\/frogans-addresses.com\/wp-content\/uploads\/2018\/11\/FAFAPilotProgram-1.png\",\"width\":319,\"height\":319},{\"@type\":\"WebPage\",\"@id\":\"https:\/\/frogans-addresses.com\/rewards\/#webpage\",\"url\":\"https:\/\/frogans-addresses.com\/rewards\/\",\"name\":\"Une exp\u00e9rience gratifiante sur Frogans\",\"isPartOf\":{\"@id\":\"https:\/\/frogans-addresses.com\/fr\/#website\"},\"primaryImageOfPage\":{\"@id\":\"https:\/\/frogans-addresses.com\/rewards\/#primaryimage\"},\"datePublished\":\"2018-12-04T17:54:04+00:00\",\"dateModified\":\"2019-01-01T20:28:23+00:00\",\"description\":\"Secure your Frogans addresses now: Premium brands, products, community and geographical names are still available as network names and site names.\",\"breadcrumb\":{\"@id\":\"https:\/\/frogans-addresses.com\/rewards\/#breadcrumb\"},\"inLanguage\":\"fr-FR\",\"potentialAction\":[{\"@type\":\"ReadAction\",\"target\":[\"https:\/\/frogans-addresses.com\/rewards\/\"]}]},{\"@type\":\"BreadcrumbList\",\"@id\":\"https:\/\/frogans-addresses.com\/rewards\/#breadcrumb\",\"itemListElement\":[{\"@type\":\"ListItem\",\"position\":1,\"name\":\"Home\",\"item\":\"https:\/\/frogans-addresses.com\/fr\/\"},{\"@type\":\"ListItem\",\"position\":2,\"name\":\"Rewarding experience on Frogans\"}]}]}<\/script>\n<!-- \/ Yoast SEO plugin. -->","yoast_head_json":{"title":"Une exp\u00e9rience gratifiante sur Frogans","description":"Secure your Frogans addresses now: Premium brands, products, community and geographical names are still available as network names and site names.","robots":{"index":"index","follow":"follow","max-snippet":"max-snippet:-1","max-image-preview":"max-image-preview:large","max-video-preview":"max-video-preview:-1"},"canonical":"https:\/\/frogans-addresses.com\/rewards\/","og_locale":"fr_FR","og_type":"article","og_title":"Une exp\u00e9rience gratifiante sur Frogans","og_description":"Secure your Frogans addresses now: Premium brands, products, community and geographical names are still available as network names and site names.","og_url":"https:\/\/frogans-addresses.com\/rewards\/","og_site_name":"Frogans Addresses For All","article_modified_time":"2019-01-01T20:28:23+00:00","og_image":[{"url":"https:\/\/frogans-addresses.com\/wp-content\/uploads\/2018\/11\/FAFAPilotProgram-1-300x300.png"}],"twitter_card":"summary","twitter_site":"@FrogAdd","twitter_misc":{"Dur\u00e9e de lecture estim\u00e9e":"1 minute"},"schema":{"@context":"https:\/\/schema.org","@graph":[{"@type":"WebSite","@id":"https:\/\/frogans-addresses.com\/fr\/#website","url":"https:\/\/frogans-addresses.com\/fr\/","name":"Frogans Addresses For All","description":"Enfin un Internet simple pour tous","potentialAction":[{"@type":"SearchAction","target":{"@type":"EntryPoint","urlTemplate":"https:\/\/frogans-addresses.com\/fr\/?s={search_term_string}"},"query-input":"required name=search_term_string"}],"inLanguage":"fr-FR"},{"@type":"ImageObject","inLanguage":"fr-FR","@id":"https:\/\/frogans-addresses.com\/rewards\/#primaryimage","url":"https:\/\/frogans-addresses.com\/wp-content\/uploads\/2018\/11\/FAFAPilotProgram-1.png","contentUrl":"https:\/\/frogans-addresses.com\/wp-content\/uploads\/2018\/11\/FAFAPilotProgram-1.png","width":319,"height":319},{"@type":"WebPage","@id":"https:\/\/frogans-addresses.com\/rewards\/#webpage","url":"https:\/\/frogans-addresses.com\/rewards\/","name":"Une exp\u00e9rience gratifiante sur Frogans","isPartOf":{"@id":"https:\/\/frogans-addresses.com\/fr\/#website"},"primaryImageOfPage":{"@id":"https:\/\/frogans-addresses.com\/rewards\/#primaryimage"},"datePublished":"2018-12-04T17:54:04+00:00","dateModified":"2019-01-01T20:28:23+00:00","description":"Secure your Frogans addresses now: Premium brands, products, community and geographical names are still available as network names and site names.","breadcrumb":{"@id":"https:\/\/frogans-addresses.com\/rewards\/#breadcrumb"},"inLanguage":"fr-FR","potentialAction":[{"@type":"ReadAction","target":["https:\/\/frogans-addresses.com\/rewards\/"]}]},{"@type":"BreadcrumbList","@id":"https:\/\/frogans-addresses.com\/rewards\/#breadcrumb","itemListElement":[{"@type":"ListItem","position":1,"name":"Home","item":"https:\/\/frogans-addresses.com\/fr\/"},{"@type":"ListItem","position":2,"name":"Rewarding experience on Frogans"}]}]}},"_links":{"self":[{"href":"https:\/\/frogans-addresses.com\/fr\/wp-json\/wp\/v2\/pages\/2467"}],"collection":[{"href":"https:\/\/frogans-addresses.com\/fr\/wp-json\/wp\/v2\/pages"}],"about":[{"href":"https:\/\/frogans-addresses.com\/fr\/wp-json\/wp\/v2\/types\/page"}],"author":[{"embeddable":true,"href":"https:\/\/frogans-addresses.com\/fr\/wp-json\/wp\/v2\/users\/1"}],"replies":[{"embeddable":true,"href":"https:\/\/frogans-addresses.com\/fr\/wp-json\/wp\/v2\/comments?post=2467"}],"version-history":[{"count":4,"href":"https:\/\/frogans-addresses.com\/fr\/wp-json\/wp\/v2\/pages\/2467\/revisions"}],"predecessor-version":[{"id":2574,"href":"https:\/\/frogans-addresses.com\/fr\/wp-json\/wp\/v2\/pages\/2467\/revisions\/2574"}],"wp:attachment":[{"href":"https:\/\/frogans-addresses.com\/fr\/wp-json\/wp\/v2\/media?parent=2467"}],"curies":[{"name":"wp","href":"https:\/\/api.w.org\/{rel}","templated":true}]}}