{"id":29,"date":"2017-03-03T14:41:26","date_gmt":"2017-03-03T14:41:26","guid":{"rendered":"http:\/\/dev.frogans-addresses.com\/?page_id=29"},"modified":"2019-01-11T12:34:20","modified_gmt":"2019-01-11T16:34:20","slug":"for-your-company","status":"publish","type":"page","link":"https:\/\/frogans-addresses.com\/fr\/for-your-company\/","title":{"rendered":"Frogans pour votre entreprise"},"content":{"rendered":"<h1><img loading=\"lazy\" class=\"alignnone wp-image-1349\" style=\"float: left;\" src=\"https:\/\/frogans-addresses.com\/wp-content\/uploads\/2018\/10\/complicated-simple.png\" alt=\"\" width=\"575\" height=\"384\" srcset=\"https:\/\/frogans-addresses.com\/wp-content\/uploads\/2018\/10\/complicated-simple.png 600w, https:\/\/frogans-addresses.com\/wp-content\/uploads\/2018\/10\/complicated-simple-300x201.png 300w\" sizes=\"(max-width: 575px) 100vw, 575px\" \/><strong><br \/>\nPourquoi faire compliqu\u00e9 sur Internet ?<\/strong><\/h1>\n<h4>Visuel, cibl\u00e9 et intuitif, Frogans est un nouvel Internet simple \u00e0 utiliser.<\/h4>\n<h6>C&rsquo;est id\u00e9al pour promouvoir <a href=\"https:\/\/frogans-addresses.com\/for-your-brand\">votre marque et vos produits<\/a> ainsi que communiquer en interne ou avec vos autres parties prenantes.<\/h6>\n<h6>\u00c9mergeant de 18 ann\u00e9es de R&amp;D, Frogans vous permet d&rsquo;imaginer <a href=\"https:\/\/frogans-addresses.com\/pilots\/\">des usages originaux<\/a> qui ne peuvent pas \u00eatre d\u00e9velopp\u00e9s sur le Web ou avec des apps.<\/h6>\n<p>&nbsp;<\/p>\n<h6>Mais Frogans vous apportera encore plus de valeur :<br \/>\n&#8211; <strong>Port\u00e9e<\/strong> : Frogans marche de la m\u00eame mani\u00e8re sur tout mobile, tablette ou ordinateur.<br \/>\n&#8211; <strong>Agilit\u00e9<\/strong> : d\u00e9veloppez sur l&rsquo;appareil de votre choix, Frogans marchera sur tous.<br \/>\n&#8211; <strong>Contr\u00f4le<\/strong> : inutile de soumettre vos contenus Frogans \u00e0 un magasin d&rsquo;apps.<br \/>\n&#8211; <strong>Branding<\/strong> : Frogans est accessible via des adresses personnalis\u00e9es et distingu\u00e9es par l&rsquo;\u00e9toile *.<br \/>\n<img loading=\"lazy\" class=\"alignnone wp-image-1033 size-full\" src=\"https:\/\/frogans-addresses.com\/wp-content\/uploads\/2018\/06\/Frogans-address-FR.png\" alt=\"NomDeR\u00e9seau*NomDeSite\" width=\"500\" height=\"100\" \/><br \/>\nLes entreprises r\u00e9servent leurs adresses Frogans suivant la r\u00e8gle du premier arriv\u00e9, premier servi (parmi d&rsquo;autres, Amazon* a d\u00e9j\u00e0 \u00e9t\u00e9 r\u00e9serv\u00e9). Elles peuvent ensuite les utiliser, les louer ou les revendre \u00e0 leur guise.<\/h6>\n<h5><strong><a href=\"mailto:pc@frogans-addresses.com?subject=Frogans%20pour%20mon%20entreprise\">Contactez-nous aujourd&rsquo;hui<\/a> pour savoir comment votre entreprise peut b\u00e9n\u00e9ficier de Frogans.<\/strong><\/h5>","protected":false},"excerpt":{"rendered":"<p>Pourquoi faire compliqu\u00e9 sur Internet ? Visuel, cibl\u00e9 et intuitif, Frogans est un nouvel Internet simple \u00e0 utiliser. C&rsquo;est id\u00e9al pour promouvoir votre marque et vos produits ainsi que communiquer en interne ou avec vos autres parties prenantes. \u00c9mergeant de 18 ann\u00e9es de R&amp;D, Frogans vous permet d&rsquo;imaginer des usages originaux qui ne peuvent pas [&hellip;]<\/p>\n","protected":false},"author":1,"featured_media":0,"parent":0,"menu_order":0,"comment_status":"closed","ping_status":"closed","template":"","meta":[],"yoast_head":"<!-- This site is optimized with the Yoast SEO plugin v18.9 - https:\/\/yoast.com\/wordpress\/plugins\/seo\/ -->\n<title>Frogans pour votre entreprise &raquo; Frogans Addresses For All<\/title>\n<meta name=\"description\" content=\"Pourquoi faire compliqu\u00e9 sur Internet ?\" \/>\n<meta name=\"robots\" content=\"index, follow, max-snippet:-1, max-image-preview:large, max-video-preview:-1\" \/>\n<link rel=\"canonical\" href=\"https:\/\/frogans-addresses.com\/fr\/for-your-company\/\" \/>\n<meta property=\"og:locale\" content=\"fr_FR\" \/>\n<meta property=\"og:type\" content=\"article\" \/>\n<meta property=\"og:title\" content=\"Frogans pour votre entreprise &raquo; Frogans Addresses For All\" \/>\n<meta property=\"og:description\" content=\"Pourquoi faire compliqu\u00e9 sur Internet ?\" \/>\n<meta property=\"og:url\" content=\"https:\/\/frogans-addresses.com\/fr\/for-your-company\/\" \/>\n<meta property=\"og:site_name\" content=\"Frogans Addresses For All\" \/>\n<meta property=\"article:modified_time\" content=\"2019-01-11T16:34:20+00:00\" \/>\n<meta property=\"og:image\" content=\"https:\/\/frogans-addresses.com\/wp-content\/uploads\/2018\/10\/complicated-simple.png\" \/>\n<meta name=\"twitter:card\" content=\"summary\" \/>\n<meta name=\"twitter:site\" content=\"@FrogAdd\" \/>\n<meta name=\"twitter:label1\" content=\"Dur\u00e9e de lecture estim\u00e9e\" \/>\n\t<meta name=\"twitter:data1\" content=\"2 minutes\" \/>\n<script type=\"application\/ld+json\" class=\"yoast-schema-graph\">{\"@context\":\"https:\/\/schema.org\",\"@graph\":[{\"@type\":\"WebSite\",\"@id\":\"https:\/\/frogans-addresses.com\/fr\/#website\",\"url\":\"https:\/\/frogans-addresses.com\/fr\/\",\"name\":\"Frogans Addresses For All\",\"description\":\"Enfin un Internet simple pour tous\",\"potentialAction\":[{\"@type\":\"SearchAction\",\"target\":{\"@type\":\"EntryPoint\",\"urlTemplate\":\"https:\/\/frogans-addresses.com\/fr\/?s={search_term_string}\"},\"query-input\":\"required name=search_term_string\"}],\"inLanguage\":\"fr-FR\"},{\"@type\":\"ImageObject\",\"inLanguage\":\"fr-FR\",\"@id\":\"https:\/\/frogans-addresses.com\/fr\/for-your-company\/#primaryimage\",\"url\":\"https:\/\/frogans-addresses.com\/wp-content\/uploads\/2018\/10\/complicated-simple.png\",\"contentUrl\":\"https:\/\/frogans-addresses.com\/wp-content\/uploads\/2018\/10\/complicated-simple.png\",\"width\":600,\"height\":401},{\"@type\":\"WebPage\",\"@id\":\"https:\/\/frogans-addresses.com\/fr\/for-your-company\/#webpage\",\"url\":\"https:\/\/frogans-addresses.com\/fr\/for-your-company\/\",\"name\":\"Frogans pour votre entreprise &raquo; Frogans Addresses For All\",\"isPartOf\":{\"@id\":\"https:\/\/frogans-addresses.com\/fr\/#website\"},\"primaryImageOfPage\":{\"@id\":\"https:\/\/frogans-addresses.com\/fr\/for-your-company\/#primaryimage\"},\"datePublished\":\"2017-03-03T14:41:26+00:00\",\"dateModified\":\"2019-01-11T16:34:20+00:00\",\"description\":\"Pourquoi faire compliqu\u00e9 sur Internet ?\",\"breadcrumb\":{\"@id\":\"https:\/\/frogans-addresses.com\/fr\/for-your-company\/#breadcrumb\"},\"inLanguage\":\"fr-FR\",\"potentialAction\":[{\"@type\":\"ReadAction\",\"target\":[\"https:\/\/frogans-addresses.com\/fr\/for-your-company\/\"]}]},{\"@type\":\"BreadcrumbList\",\"@id\":\"https:\/\/frogans-addresses.com\/fr\/for-your-company\/#breadcrumb\",\"itemListElement\":[{\"@type\":\"ListItem\",\"position\":1,\"name\":\"Home\",\"item\":\"https:\/\/frogans-addresses.com\/fr\/\"},{\"@type\":\"ListItem\",\"position\":2,\"name\":\"Frogans pour votre entreprise\"}]}]}<\/script>\n<!-- \/ Yoast SEO plugin. -->","yoast_head_json":{"title":"Frogans pour votre entreprise &raquo; Frogans Addresses For All","description":"Pourquoi faire compliqu\u00e9 sur Internet ?","robots":{"index":"index","follow":"follow","max-snippet":"max-snippet:-1","max-image-preview":"max-image-preview:large","max-video-preview":"max-video-preview:-1"},"canonical":"https:\/\/frogans-addresses.com\/fr\/for-your-company\/","og_locale":"fr_FR","og_type":"article","og_title":"Frogans pour votre entreprise &raquo; Frogans Addresses For All","og_description":"Pourquoi faire compliqu\u00e9 sur Internet ?","og_url":"https:\/\/frogans-addresses.com\/fr\/for-your-company\/","og_site_name":"Frogans Addresses For All","article_modified_time":"2019-01-11T16:34:20+00:00","og_image":[{"url":"https:\/\/frogans-addresses.com\/wp-content\/uploads\/2018\/10\/complicated-simple.png"}],"twitter_card":"summary","twitter_site":"@FrogAdd","twitter_misc":{"Dur\u00e9e de lecture estim\u00e9e":"2 minutes"},"schema":{"@context":"https:\/\/schema.org","@graph":[{"@type":"WebSite","@id":"https:\/\/frogans-addresses.com\/fr\/#website","url":"https:\/\/frogans-addresses.com\/fr\/","name":"Frogans Addresses For All","description":"Enfin un Internet simple pour tous","potentialAction":[{"@type":"SearchAction","target":{"@type":"EntryPoint","urlTemplate":"https:\/\/frogans-addresses.com\/fr\/?s={search_term_string}"},"query-input":"required name=search_term_string"}],"inLanguage":"fr-FR"},{"@type":"ImageObject","inLanguage":"fr-FR","@id":"https:\/\/frogans-addresses.com\/fr\/for-your-company\/#primaryimage","url":"https:\/\/frogans-addresses.com\/wp-content\/uploads\/2018\/10\/complicated-simple.png","contentUrl":"https:\/\/frogans-addresses.com\/wp-content\/uploads\/2018\/10\/complicated-simple.png","width":600,"height":401},{"@type":"WebPage","@id":"https:\/\/frogans-addresses.com\/fr\/for-your-company\/#webpage","url":"https:\/\/frogans-addresses.com\/fr\/for-your-company\/","name":"Frogans pour votre entreprise &raquo; Frogans Addresses For All","isPartOf":{"@id":"https:\/\/frogans-addresses.com\/fr\/#website"},"primaryImageOfPage":{"@id":"https:\/\/frogans-addresses.com\/fr\/for-your-company\/#primaryimage"},"datePublished":"2017-03-03T14:41:26+00:00","dateModified":"2019-01-11T16:34:20+00:00","description":"Pourquoi faire compliqu\u00e9 sur Internet ?","breadcrumb":{"@id":"https:\/\/frogans-addresses.com\/fr\/for-your-company\/#breadcrumb"},"inLanguage":"fr-FR","potentialAction":[{"@type":"ReadAction","target":["https:\/\/frogans-addresses.com\/fr\/for-your-company\/"]}]},{"@type":"BreadcrumbList","@id":"https:\/\/frogans-addresses.com\/fr\/for-your-company\/#breadcrumb","itemListElement":[{"@type":"ListItem","position":1,"name":"Home","item":"https:\/\/frogans-addresses.com\/fr\/"},{"@type":"ListItem","position":2,"name":"Frogans pour votre entreprise"}]}]}},"_links":{"self":[{"href":"https:\/\/frogans-addresses.com\/fr\/wp-json\/wp\/v2\/pages\/29"}],"collection":[{"href":"https:\/\/frogans-addresses.com\/fr\/wp-json\/wp\/v2\/pages"}],"about":[{"href":"https:\/\/frogans-addresses.com\/fr\/wp-json\/wp\/v2\/types\/page"}],"author":[{"embeddable":true,"href":"https:\/\/frogans-addresses.com\/fr\/wp-json\/wp\/v2\/users\/1"}],"replies":[{"embeddable":true,"href":"https:\/\/frogans-addresses.com\/fr\/wp-json\/wp\/v2\/comments?post=29"}],"version-history":[{"count":229,"href":"https:\/\/frogans-addresses.com\/fr\/wp-json\/wp\/v2\/pages\/29\/revisions"}],"predecessor-version":[{"id":2653,"href":"https:\/\/frogans-addresses.com\/fr\/wp-json\/wp\/v2\/pages\/29\/revisions\/2653"}],"wp:attachment":[{"href":"https:\/\/frogans-addresses.com\/fr\/wp-json\/wp\/v2\/media?parent=29"}],"curies":[{"name":"wp","href":"https:\/\/api.w.org\/{rel}","templated":true}]}}