{"id":33,"date":"2017-03-03T14:42:42","date_gmt":"2017-03-03T14:42:42","guid":{"rendered":"http:\/\/dev.frogans-addresses.com\/?page_id=33"},"modified":"2018-11-12T05:44:17","modified_gmt":"2018-11-12T09:44:17","slug":"affiliates","status":"publish","type":"page","link":"https:\/\/frogans-addresses.com\/fr\/affiliates\/","title":{"rendered":"Affili\u00e9s"},"content":{"rendered":"<h1><strong><br \/>\nDevenez revendeur d&rsquo;adresses Frogans<\/strong><\/h1>\n<h4>Nous pouvons vous aider \u00e0 g\u00e9n\u00e9rer des ventes d\u00e8s demain.<br \/>\n<strong><img loading=\"lazy\" class=\"img-marginR-10 alignnone wp-image-1598\" style=\"float: left;\" src=\"https:\/\/frogans-addresses.com\/wp-content\/uploads\/2018\/10\/ecommerce-2140603_640.jpg\" alt=\"\" width=\"609\" height=\"261\" srcset=\"https:\/\/frogans-addresses.com\/wp-content\/uploads\/2018\/10\/ecommerce-2140603_640.jpg 640w, https:\/\/frogans-addresses.com\/wp-content\/uploads\/2018\/10\/ecommerce-2140603_640-300x128.jpg 300w\" sizes=\"(max-width: 609px) 100vw, 609px\" \/><\/strong><\/h4>\n<h6>Comme les autres couches logicielles de l&rsquo;Internet telles que le World Wide Web ou l&rsquo;E-mail, Frogans est un ensemble complexe de standards et de r\u00e8gles.<\/h6>\n<h6>Construire votre propre plateforme d&rsquo;e-Commerce repr\u00e9sente un d\u00e9fi important pour garantir des transactions simples et s\u00e9curis\u00e9es \u00e0 vos clients.<\/h6>\n<h6>Affiliez-vous d\u00e8s maintenant \u00e0 Frogans Addresses For All et offrez des outils de gestion intuitifs s&rsquo;appuyant sur le m\u00eame moteur performant que celui utilis\u00e9 par frogans-addresses.com.<\/h6>\n<h3>Vos clients vont pouvoir :<\/h3>\n<ul>\n<li>\n<h6><strong>Visiter<\/strong> votre propre site Web d&rsquo;enregistrement de r\u00e9seaux et d&rsquo;adresses Frogans<\/h6>\n<\/li>\n<li>\n<h6><strong>V\u00e9rifier<\/strong> en un clic la disponibilit\u00e9 de leurs noms Frogans id\u00e9aux<\/h6>\n<\/li>\n<li>\n<h6><strong>Enregistrer<\/strong> et g\u00e9rer en ligne leur propre portefeuille de r\u00e9seaux et d&rsquo;adresses Frogans<\/h6>\n<\/li>\n<li>\n<h6><strong>Payer<\/strong> gr\u00e2ce \u00e0 la m\u00eame passerelle de paiement en ligne que nous utilisons quotidiennement<\/h6>\n<\/li>\n<li>\n<h6><strong>B\u00e9n\u00e9ficier <\/strong>de la m\u00eame protection contre vol et piratage que nous offrons \u00e0 nos clients<\/h6>\n<\/li>\n<\/ul>\n<p>&nbsp;<\/p>\n<h6>De plus, nous partagerons avec vous les bonnes pratiques d&rsquo;enregistrement et de r\u00e9glage d&rsquo;adresses Frogans publiques et de r\u00e9seaux d\u00e9di\u00e9s.<\/h6>\n<h6>Enfin, nous vous tiendrons inform\u00e9(e) des \u00e9volutions du standard Frogans et des opportunit\u00e9s d&rsquo;affaires qu&rsquo;il cr\u00e9era pour vous et vos clients.<\/h6>\n<p>&nbsp;<\/p>\n<h4><strong>Contactez-nous \u00e0 <\/strong><a href=\"mailto:affiliates@frogans-addresses.com?subject=Affiliation%20with%20Frogans%20Addresses\"><strong>affiliates@frogans-addresses.com<\/strong><\/a><strong> pour en savoir plus sur l&rsquo;affiliation Frogans Addresses For All.<\/strong><\/h4>","protected":false},"excerpt":{"rendered":"<p>Devenez revendeur d&rsquo;adresses Frogans Nous pouvons vous aider \u00e0 g\u00e9n\u00e9rer des ventes d\u00e8s demain. Comme les autres couches logicielles de l&rsquo;Internet telles que le World Wide Web ou l&rsquo;E-mail, Frogans est un ensemble complexe de standards et de r\u00e8gles. Construire votre propre plateforme d&rsquo;e-Commerce repr\u00e9sente un d\u00e9fi important pour garantir des transactions simples et s\u00e9curis\u00e9es [&hellip;]<\/p>\n","protected":false},"author":1,"featured_media":0,"parent":0,"menu_order":0,"comment_status":"closed","ping_status":"closed","template":"","meta":[],"yoast_head":"<!-- This site is optimized with the Yoast SEO plugin v18.9 - https:\/\/yoast.com\/wordpress\/plugins\/seo\/ -->\n<title>Grow you business by reselling Frogans addresses and networks<\/title>\n<meta name=\"description\" content=\"Affiliates generate sales of Frogans addresses and networks without the hassle of having to build their own online shopping infrastructure\" \/>\n<meta name=\"robots\" content=\"index, follow, max-snippet:-1, max-image-preview:large, max-video-preview:-1\" \/>\n<link rel=\"canonical\" href=\"https:\/\/frogans-addresses.com\/affiliates\/\" \/>\n<meta property=\"og:locale\" content=\"fr_FR\" \/>\n<meta property=\"og:type\" content=\"article\" \/>\n<meta property=\"og:title\" content=\"Grow you business by reselling Frogans addresses and networks\" \/>\n<meta property=\"og:description\" content=\"Affiliates generate sales of Frogans addresses and networks without the hassle of having to build their own online shopping infrastructure\" \/>\n<meta property=\"og:url\" content=\"https:\/\/frogans-addresses.com\/affiliates\/\" \/>\n<meta property=\"og:site_name\" content=\"Frogans Addresses For All\" \/>\n<meta property=\"article:modified_time\" content=\"2018-11-12T09:44:17+00:00\" \/>\n<meta property=\"og:image\" content=\"https:\/\/frogans-addresses.com\/wp-content\/uploads\/2018\/10\/ecommerce-2140603_640.jpg\" \/>\n<meta name=\"twitter:card\" content=\"summary\" \/>\n<meta name=\"twitter:site\" content=\"@FrogAdd\" \/>\n<meta name=\"twitter:label1\" content=\"Dur\u00e9e de lecture estim\u00e9e\" \/>\n\t<meta name=\"twitter:data1\" content=\"3 minutes\" \/>\n<script type=\"application\/ld+json\" class=\"yoast-schema-graph\">{\"@context\":\"https:\/\/schema.org\",\"@graph\":[{\"@type\":\"WebSite\",\"@id\":\"https:\/\/frogans-addresses.com\/fr\/#website\",\"url\":\"https:\/\/frogans-addresses.com\/fr\/\",\"name\":\"Frogans Addresses For All\",\"description\":\"Enfin un Internet simple pour tous\",\"potentialAction\":[{\"@type\":\"SearchAction\",\"target\":{\"@type\":\"EntryPoint\",\"urlTemplate\":\"https:\/\/frogans-addresses.com\/fr\/?s={search_term_string}\"},\"query-input\":\"required name=search_term_string\"}],\"inLanguage\":\"fr-FR\"},{\"@type\":\"ImageObject\",\"inLanguage\":\"fr-FR\",\"@id\":\"https:\/\/frogans-addresses.com\/affiliates\/#primaryimage\",\"url\":\"https:\/\/frogans-addresses.com\/wp-content\/uploads\/2018\/10\/ecommerce-2140603_640.jpg\",\"contentUrl\":\"https:\/\/frogans-addresses.com\/wp-content\/uploads\/2018\/10\/ecommerce-2140603_640.jpg\",\"width\":640,\"height\":274},{\"@type\":\"WebPage\",\"@id\":\"https:\/\/frogans-addresses.com\/affiliates\/#webpage\",\"url\":\"https:\/\/frogans-addresses.com\/affiliates\/\",\"name\":\"Grow you business by reselling Frogans addresses and networks\",\"isPartOf\":{\"@id\":\"https:\/\/frogans-addresses.com\/fr\/#website\"},\"primaryImageOfPage\":{\"@id\":\"https:\/\/frogans-addresses.com\/affiliates\/#primaryimage\"},\"datePublished\":\"2017-03-03T14:42:42+00:00\",\"dateModified\":\"2018-11-12T09:44:17+00:00\",\"description\":\"Affiliates generate sales of Frogans addresses and networks without the hassle of having to build their own online shopping infrastructure\",\"breadcrumb\":{\"@id\":\"https:\/\/frogans-addresses.com\/affiliates\/#breadcrumb\"},\"inLanguage\":\"fr-FR\",\"potentialAction\":[{\"@type\":\"ReadAction\",\"target\":[\"https:\/\/frogans-addresses.com\/affiliates\/\"]}]},{\"@type\":\"BreadcrumbList\",\"@id\":\"https:\/\/frogans-addresses.com\/affiliates\/#breadcrumb\",\"itemListElement\":[{\"@type\":\"ListItem\",\"position\":1,\"name\":\"Home\",\"item\":\"https:\/\/frogans-addresses.com\/fr\/\"},{\"@type\":\"ListItem\",\"position\":2,\"name\":\"Affiliates\"}]}]}<\/script>\n<!-- \/ Yoast SEO plugin. -->","yoast_head_json":{"title":"Grow you business by reselling Frogans addresses and networks","description":"Affiliates generate sales of Frogans addresses and networks without the hassle of having to build their own online shopping infrastructure","robots":{"index":"index","follow":"follow","max-snippet":"max-snippet:-1","max-image-preview":"max-image-preview:large","max-video-preview":"max-video-preview:-1"},"canonical":"https:\/\/frogans-addresses.com\/affiliates\/","og_locale":"fr_FR","og_type":"article","og_title":"Grow you business by reselling Frogans addresses and networks","og_description":"Affiliates generate sales of Frogans addresses and networks without the hassle of having to build their own online shopping infrastructure","og_url":"https:\/\/frogans-addresses.com\/affiliates\/","og_site_name":"Frogans Addresses For All","article_modified_time":"2018-11-12T09:44:17+00:00","og_image":[{"url":"https:\/\/frogans-addresses.com\/wp-content\/uploads\/2018\/10\/ecommerce-2140603_640.jpg"}],"twitter_card":"summary","twitter_site":"@FrogAdd","twitter_misc":{"Dur\u00e9e de lecture estim\u00e9e":"3 minutes"},"schema":{"@context":"https:\/\/schema.org","@graph":[{"@type":"WebSite","@id":"https:\/\/frogans-addresses.com\/fr\/#website","url":"https:\/\/frogans-addresses.com\/fr\/","name":"Frogans Addresses For All","description":"Enfin un Internet simple pour tous","potentialAction":[{"@type":"SearchAction","target":{"@type":"EntryPoint","urlTemplate":"https:\/\/frogans-addresses.com\/fr\/?s={search_term_string}"},"query-input":"required name=search_term_string"}],"inLanguage":"fr-FR"},{"@type":"ImageObject","inLanguage":"fr-FR","@id":"https:\/\/frogans-addresses.com\/affiliates\/#primaryimage","url":"https:\/\/frogans-addresses.com\/wp-content\/uploads\/2018\/10\/ecommerce-2140603_640.jpg","contentUrl":"https:\/\/frogans-addresses.com\/wp-content\/uploads\/2018\/10\/ecommerce-2140603_640.jpg","width":640,"height":274},{"@type":"WebPage","@id":"https:\/\/frogans-addresses.com\/affiliates\/#webpage","url":"https:\/\/frogans-addresses.com\/affiliates\/","name":"Grow you business by reselling Frogans addresses and networks","isPartOf":{"@id":"https:\/\/frogans-addresses.com\/fr\/#website"},"primaryImageOfPage":{"@id":"https:\/\/frogans-addresses.com\/affiliates\/#primaryimage"},"datePublished":"2017-03-03T14:42:42+00:00","dateModified":"2018-11-12T09:44:17+00:00","description":"Affiliates generate sales of Frogans addresses and networks without the hassle of having to build their own online shopping infrastructure","breadcrumb":{"@id":"https:\/\/frogans-addresses.com\/affiliates\/#breadcrumb"},"inLanguage":"fr-FR","potentialAction":[{"@type":"ReadAction","target":["https:\/\/frogans-addresses.com\/affiliates\/"]}]},{"@type":"BreadcrumbList","@id":"https:\/\/frogans-addresses.com\/affiliates\/#breadcrumb","itemListElement":[{"@type":"ListItem","position":1,"name":"Home","item":"https:\/\/frogans-addresses.com\/fr\/"},{"@type":"ListItem","position":2,"name":"Affiliates"}]}]}},"_links":{"self":[{"href":"https:\/\/frogans-addresses.com\/fr\/wp-json\/wp\/v2\/pages\/33"}],"collection":[{"href":"https:\/\/frogans-addresses.com\/fr\/wp-json\/wp\/v2\/pages"}],"about":[{"href":"https:\/\/frogans-addresses.com\/fr\/wp-json\/wp\/v2\/types\/page"}],"author":[{"embeddable":true,"href":"https:\/\/frogans-addresses.com\/fr\/wp-json\/wp\/v2\/users\/1"}],"replies":[{"embeddable":true,"href":"https:\/\/frogans-addresses.com\/fr\/wp-json\/wp\/v2\/comments?post=33"}],"version-history":[{"count":92,"href":"https:\/\/frogans-addresses.com\/fr\/wp-json\/wp\/v2\/pages\/33\/revisions"}],"predecessor-version":[{"id":2345,"href":"https:\/\/frogans-addresses.com\/fr\/wp-json\/wp\/v2\/pages\/33\/revisions\/2345"}],"wp:attachment":[{"href":"https:\/\/frogans-addresses.com\/fr\/wp-json\/wp\/v2\/media?parent=33"}],"curies":[{"name":"wp","href":"https:\/\/api.w.org\/{rel}","templated":true}]}}