{"id":819,"date":"2018-05-04T12:52:32","date_gmt":"2018-05-04T16:52:32","guid":{"rendered":"https:\/\/frogans-addresses.com\/?page_id=819"},"modified":"2022-01-08T23:09:00","modified_gmt":"2022-01-09T03:09:00","slug":"for-you","status":"publish","type":"page","link":"https:\/\/frogans-addresses.com\/fr\/for-you\/","title":{"rendered":"Un internet simple pour vous"},"content":{"rendered":"<h6>\u223c\u00a0Assez des sites web lourds, surtout sur mobile ?<br \/>\n\u223c Fatigu\u00e9(e) des apps encombrantes et opaques ?<br \/>\n\u223c Basta des exp\u00e9riences Internet compliqu\u00e9es ?<\/h6>\n<h1><strong>Frogans est l&rsquo;Internet pour vous !<\/strong><\/h1>\n<h6><img loading=\"lazy\" class=\"img-margin-0 alignnone wp-image-2338 size-full\" src=\"https:\/\/frogans-addresses.com\/wp-content\/uploads\/2018\/11\/puzzleFR_111.png\" alt=\"En compl\u00e9ment du Web classique, Frogans est une nouvelle fa\u00e7on de publier des contenus sur Internet. Elle est per\u00e7ue comme naturelle parce qu\u2019elle est adapt\u00e9e pour les humains - et pas l\u2019inverse. \" width=\"531\" height=\"458\" \/><img loading=\"lazy\" class=\"img-margin-0 alignnone wp-image-2343 size-full\" src=\"https:\/\/frogans-addresses.com\/wp-content\/uploads\/2018\/11\/puzzleFR_102.png\" alt=\"Frogans sugg\u00e8re une exp\u00e9rience simple : - communication par l\u2019image plut\u00f4t que le texte - contenu cibl\u00e9 plut\u00f4t que des grandes pages - interaction intuitive plut\u00f4t qu\u2019interfaces complexe\" width=\"587\" height=\"459\" srcset=\"https:\/\/frogans-addresses.com\/wp-content\/uploads\/2018\/11\/puzzleFR_102.png 587w, https:\/\/frogans-addresses.com\/wp-content\/uploads\/2018\/11\/puzzleFR_102-300x235.png 300w\" sizes=\"(max-width: 587px) 100vw, 587px\" \/><\/h6>\n<h6>Les usages potentiels vont des r\u00e9seaux sociaux, \u00e9ducation, jeux et commerce commerce en ligne jusqu&rsquo;\u00e0 des services restant \u00e0 inventer. Des entreprises ont choisi de d\u00e9v\u00e9lopper leur nouveaux usages dans notre <a href=\"https:\/\/frogans-addresses.com\/fr\/pilots\/\">programme pilote<\/a>.<\/h6>\n<p>&nbsp;<\/p>\n<h3><strong>Comment les gens per\u00e7oivent-ils Frogans ?<\/strong><\/h3>\n<img loading=\"lazy\" class=\"img-margin-2 alignnone wp-image-1583 size-full\" src=\"https:\/\/frogans-addresses.com\/wp-content\/uploads\/2018\/10\/simple_FR.png\" alt=\"Simple \u00e0 utiliser : Pas de besoin de connaissances techniques pour ma\u00eetriser Frogans\" width=\"300\" height=\"200\" \/><img loading=\"lazy\" class=\"img-margin-2 alignnone wp-image-797 size-full\" src=\"https:\/\/frogans-addresses.com\/wp-content\/uploads\/2018\/03\/universal_FR-1.png\" alt=\"Universel : Les contenus Frogans sont identiques sur tous les \u00e9crans, et la navigation rapide en fixe comme en mobilit\u00e9\" width=\"300\" height=\"200\" \/><img loading=\"lazy\" class=\"img-margin-2 alignnone wp-image-765 size-full\" src=\"https:\/\/frogans-addresses.com\/wp-content\/uploads\/2018\/03\/secure_FR.png\" alt=\"S\u00e9curis\u00e9 : Pas de souci pour votre s\u00e9curit\u00e9 en ligne (aucun param\u00e8tre \u00e0 r\u00e9gler)\" width=\"300\" height=\"200\" \/><img loading=\"lazy\" class=\"img-margin-2 alignnone wp-image-796 size-full\" src=\"https:\/\/frogans-addresses.com\/wp-content\/uploads\/2018\/03\/private_FR-1.png\" alt=\"Respectueux des donn\u00e9es personnelles : Vous \u00eates prot\u00e9g\u00e9s des m\u00e9canismes de tra\u00e7age envahissants (pas de cookies)\" width=\"300\" height=\"200\" \/><img loading=\"lazy\" class=\"img-margin-2 alignnone wp-image-795 size-full\" src=\"https:\/\/frogans-addresses.com\/wp-content\/uploads\/2018\/03\/sustainable_FR-1.png\" alt=\"Ecologique : Vous utilisez peu de ressources car Frogans est frugal en CPU, bande passante et batterie\" width=\"300\" height=\"200\" \/><img loading=\"lazy\" class=\"img-margin-2 alignnone wp-image-762 size-full\" src=\"https:\/\/frogans-addresses.com\/wp-content\/uploads\/2018\/03\/creative_FR.png\" alt=\"\" width=\"300\" height=\"200\" \/>\n<h3><strong>Votre adresse Frogans est votre identit\u00e9 ce nouvel Internet<br \/>\n<\/strong><\/h3>\n<h6>Chacun peut acc\u00e9der \u00e0 Frogans via des adresses simples constitu\u00e9es de deux noms s\u00e9par\u00e9s par le caract\u00e8re * .<\/h6>\n<h6><img loading=\"lazy\" class=\"alignnone size-full wp-image-1033\" src=\"https:\/\/frogans-addresses.com\/wp-content\/uploads\/2018\/06\/Frogans-address-FR-e1530260579478.png\" alt=\"NomDeR\u00e9seau * NomDeSite\" width=\"435\" height=\"42\" srcset=\"https:\/\/frogans-addresses.com\/wp-content\/uploads\/2018\/06\/Frogans-address-FR-e1530260579478.png 435w, https:\/\/frogans-addresses.com\/wp-content\/uploads\/2018\/06\/Frogans-address-FR-e1530260579478-300x29.png 300w\" sizes=\"(max-width: 435px) 100vw, 435px\" \/><\/h6>\n<h6>Des entrepreneurs du monde entier r\u00e9servent aujourd&rsquo;hui leurs adresses Frogans pour contr\u00f4ler leur future identit\u00e9 en ligne. Vous aussi pouvez le faire ! Premier arriv\u00e9, premier servi.<br \/>\n<a href=\"https:\/\/shop.frogans-addresses.com\/fr\/home\" target=\"_blank\" rel=\"noopener\"><img loading=\"lazy\" class=\"alignnone wp-image-940 size-full\" src=\"https:\/\/frogans-addresses.com\/wp-content\/uploads\/2018\/10\/button-fr.png\" alt=\"V\u00e9rifiez les disponibilit\u00e9s !\" width=\"263\" height=\"40\" \/><\/a><\/h6>","protected":false},"excerpt":{"rendered":"<p>\u223c\u00a0Assez des sites web lourds, surtout sur mobile ? \u223c Fatigu\u00e9(e) des apps encombrantes et opaques ? \u223c Basta des exp\u00e9riences Internet compliqu\u00e9es ? Frogans est l&rsquo;Internet pour vous ! Les usages potentiels vont des r\u00e9seaux sociaux, \u00e9ducation, jeux et commerce commerce en ligne jusqu&rsquo;\u00e0 des services restant \u00e0 inventer. Des entreprises ont choisi de [&hellip;]<\/p>\n","protected":false},"author":1,"featured_media":0,"parent":0,"menu_order":0,"comment_status":"closed","ping_status":"closed","template":"","meta":[],"yoast_head":"<!-- This site is optimized with the Yoast SEO plugin v18.9 - https:\/\/yoast.com\/wordpress\/plugins\/seo\/ -->\n<title>Un internet simple pour vous &raquo; Frogans Addresses For All<\/title>\n<meta name=\"description\" content=\"Choisissez votre identit\u00e9 dans l&#039;Internet de demainChoisissez votre identit\u00e9 dans l&#039;Internet de demain% &raquo; Votre identit\u00e9 dans l&#039;Internet de demain\" \/>\n<meta name=\"robots\" content=\"index, follow, max-snippet:-1, max-image-preview:large, max-video-preview:-1\" \/>\n<link rel=\"canonical\" href=\"https:\/\/frogans-addresses.com\/for-you\/\" \/>\n<meta property=\"og:locale\" content=\"fr_FR\" \/>\n<meta property=\"og:type\" content=\"article\" \/>\n<meta property=\"og:title\" content=\"[:en]Un internet simple pour vous &raquo; Frogans Addresses For All [:fr]Un internet simple pour vous &raquo; Frogans Addresses For All [:es]A natural online experience for new uses[:]\" \/>\n<meta property=\"og:description\" content=\"{:en}Pick your identity in tomorrow&#039;s Internet {:fr}Choisissez votre identit\u00e9 dans l&#039;Internet de demainChoisissez votre identit\u00e9 dans l&#039;Internet de demain% &raquo; Votre identit\u00e9 dans l&#039;Internet de demain{:es}Elige tu identidad en la Internet de ma\u00f1anaElige tu identidad en la Internet de ma\u00f1anaTu identidad en la Internet de ma\u00f1anaNatural experiences on Frogans are ideal for a new generation advertising, gaming, gambling and e-commerce services for 4 billion connected users.{:}\" \/>\n<meta property=\"og:url\" content=\"https:\/\/frogans-addresses.com\/for-you\/\" \/>\n<meta property=\"og:site_name\" content=\"Frogans Addresses For All\" \/>\n<meta property=\"article:modified_time\" content=\"2022-01-09T03:09:00+00:00\" \/>\n<meta property=\"og:image\" content=\"https:\/\/frogans-addresses.com\/wp-content\/uploads\/2018\/11\/puzzleEN_111.png\" \/>\n<meta name=\"twitter:card\" content=\"summary\" \/>\n<meta name=\"twitter:site\" content=\"@FrogAdd\" \/>\n<meta name=\"twitter:label1\" content=\"Dur\u00e9e de lecture estim\u00e9e\" \/>\n\t<meta name=\"twitter:data1\" content=\"2 minutes\" \/>\n<script type=\"application\/ld+json\" class=\"yoast-schema-graph\">{\"@context\":\"https:\/\/schema.org\",\"@graph\":[{\"@type\":\"WebSite\",\"@id\":\"https:\/\/frogans-addresses.com\/fr\/#website\",\"url\":\"https:\/\/frogans-addresses.com\/fr\/\",\"name\":\"Frogans Addresses For All\",\"description\":\"Enfin un Internet simple pour tous\",\"potentialAction\":[{\"@type\":\"SearchAction\",\"target\":{\"@type\":\"EntryPoint\",\"urlTemplate\":\"https:\/\/frogans-addresses.com\/fr\/?s={search_term_string}\"},\"query-input\":\"required name=search_term_string\"}],\"inLanguage\":\"fr-FR\"},{\"@type\":\"ImageObject\",\"inLanguage\":\"fr-FR\",\"@id\":\"https:\/\/frogans-addresses.com\/for-you\/#primaryimage\",\"url\":\"https:\/\/frogans-addresses.com\/wp-content\/uploads\/2018\/11\/puzzleEN_111.png\",\"contentUrl\":\"https:\/\/frogans-addresses.com\/wp-content\/uploads\/2018\/11\/puzzleEN_111.png\"},{\"@type\":\"WebPage\",\"@id\":\"https:\/\/frogans-addresses.com\/for-you\/#webpage\",\"url\":\"https:\/\/frogans-addresses.com\/for-you\/\",\"name\":\"[:en]Un internet simple pour vous &raquo; Frogans Addresses For All [:fr]Un internet simple pour vous &raquo; Frogans Addresses For All [:es]A natural online experience for new uses[:]\",\"isPartOf\":{\"@id\":\"https:\/\/frogans-addresses.com\/fr\/#website\"},\"primaryImageOfPage\":{\"@id\":\"https:\/\/frogans-addresses.com\/for-you\/#primaryimage\"},\"datePublished\":\"2018-05-04T16:52:32+00:00\",\"dateModified\":\"2022-01-09T03:09:00+00:00\",\"description\":\"{:en}Pick your identity in tomorrow's Internet {:fr}Choisissez votre identit\u00e9 dans l'Internet de demainChoisissez votre identit\u00e9 dans l'Internet de demain% &raquo; Votre identit\u00e9 dans l'Internet de demain{:es}Elige tu identidad en la Internet de ma\u00f1anaElige tu identidad en la Internet de ma\u00f1anaTu identidad en la Internet de ma\u00f1anaNatural experiences on Frogans are ideal for a new generation advertising, gaming, gambling and e-commerce services for 4 billion connected users.{:}\",\"breadcrumb\":{\"@id\":\"https:\/\/frogans-addresses.com\/for-you\/#breadcrumb\"},\"inLanguage\":\"fr-FR\",\"potentialAction\":[{\"@type\":\"ReadAction\",\"target\":[\"https:\/\/frogans-addresses.com\/for-you\/\"]}]},{\"@type\":\"BreadcrumbList\",\"@id\":\"https:\/\/frogans-addresses.com\/for-you\/#breadcrumb\",\"itemListElement\":[{\"@type\":\"ListItem\",\"position\":1,\"name\":\"Home\",\"item\":\"https:\/\/frogans-addresses.com\/fr\/\"},{\"@type\":\"ListItem\",\"position\":2,\"name\":\"[:en]A simple Internet for you[:fr]Un internet simple pour vous[:es]Una Internet simple para ti[:]\"}]}]}<\/script>\n<!-- \/ Yoast SEO plugin. -->","yoast_head_json":{"title":"Un internet simple pour vous &raquo; Frogans Addresses For All","description":"Choisissez votre identit\u00e9 dans l'Internet de demainChoisissez votre identit\u00e9 dans l'Internet de demain% &raquo; Votre identit\u00e9 dans l'Internet de demain","robots":{"index":"index","follow":"follow","max-snippet":"max-snippet:-1","max-image-preview":"max-image-preview:large","max-video-preview":"max-video-preview:-1"},"canonical":"https:\/\/frogans-addresses.com\/for-you\/","og_locale":"fr_FR","og_type":"article","og_title":"[:en]Un internet simple pour vous &raquo; Frogans Addresses For All [:fr]Un internet simple pour vous &raquo; Frogans Addresses For All [:es]A natural online experience for new uses[:]","og_description":"{:en}Pick your identity in tomorrow's Internet {:fr}Choisissez votre identit\u00e9 dans l'Internet de demainChoisissez votre identit\u00e9 dans l'Internet de demain% &raquo; Votre identit\u00e9 dans l'Internet de demain{:es}Elige tu identidad en la Internet de ma\u00f1anaElige tu identidad en la Internet de ma\u00f1anaTu identidad en la Internet de ma\u00f1anaNatural experiences on Frogans are ideal for a new generation advertising, gaming, gambling and e-commerce services for 4 billion connected users.{:}","og_url":"https:\/\/frogans-addresses.com\/for-you\/","og_site_name":"Frogans Addresses For All","article_modified_time":"2022-01-09T03:09:00+00:00","og_image":[{"url":"https:\/\/frogans-addresses.com\/wp-content\/uploads\/2018\/11\/puzzleEN_111.png"}],"twitter_card":"summary","twitter_site":"@FrogAdd","twitter_misc":{"Dur\u00e9e de lecture estim\u00e9e":"2 minutes"},"schema":{"@context":"https:\/\/schema.org","@graph":[{"@type":"WebSite","@id":"https:\/\/frogans-addresses.com\/fr\/#website","url":"https:\/\/frogans-addresses.com\/fr\/","name":"Frogans Addresses For All","description":"Enfin un Internet simple pour tous","potentialAction":[{"@type":"SearchAction","target":{"@type":"EntryPoint","urlTemplate":"https:\/\/frogans-addresses.com\/fr\/?s={search_term_string}"},"query-input":"required name=search_term_string"}],"inLanguage":"fr-FR"},{"@type":"ImageObject","inLanguage":"fr-FR","@id":"https:\/\/frogans-addresses.com\/for-you\/#primaryimage","url":"https:\/\/frogans-addresses.com\/wp-content\/uploads\/2018\/11\/puzzleEN_111.png","contentUrl":"https:\/\/frogans-addresses.com\/wp-content\/uploads\/2018\/11\/puzzleEN_111.png"},{"@type":"WebPage","@id":"https:\/\/frogans-addresses.com\/for-you\/#webpage","url":"https:\/\/frogans-addresses.com\/for-you\/","name":"[:en]Un internet simple pour vous &raquo; Frogans Addresses For All [:fr]Un internet simple pour vous &raquo; Frogans Addresses For All [:es]A natural online experience for new uses[:]","isPartOf":{"@id":"https:\/\/frogans-addresses.com\/fr\/#website"},"primaryImageOfPage":{"@id":"https:\/\/frogans-addresses.com\/for-you\/#primaryimage"},"datePublished":"2018-05-04T16:52:32+00:00","dateModified":"2022-01-09T03:09:00+00:00","description":"{:en}Pick your identity in tomorrow's Internet {:fr}Choisissez votre identit\u00e9 dans l'Internet de demainChoisissez votre identit\u00e9 dans l'Internet de demain% &raquo; Votre identit\u00e9 dans l'Internet de demain{:es}Elige tu identidad en la Internet de ma\u00f1anaElige tu identidad en la Internet de ma\u00f1anaTu identidad en la Internet de ma\u00f1anaNatural experiences on Frogans are ideal for a new generation advertising, gaming, gambling and e-commerce services for 4 billion connected users.{:}","breadcrumb":{"@id":"https:\/\/frogans-addresses.com\/for-you\/#breadcrumb"},"inLanguage":"fr-FR","potentialAction":[{"@type":"ReadAction","target":["https:\/\/frogans-addresses.com\/for-you\/"]}]},{"@type":"BreadcrumbList","@id":"https:\/\/frogans-addresses.com\/for-you\/#breadcrumb","itemListElement":[{"@type":"ListItem","position":1,"name":"Home","item":"https:\/\/frogans-addresses.com\/fr\/"},{"@type":"ListItem","position":2,"name":"[:en]A simple Internet for you[:fr]Un internet simple pour vous[:es]Una Internet simple para ti[:]"}]}]}},"_links":{"self":[{"href":"https:\/\/frogans-addresses.com\/fr\/wp-json\/wp\/v2\/pages\/819"}],"collection":[{"href":"https:\/\/frogans-addresses.com\/fr\/wp-json\/wp\/v2\/pages"}],"about":[{"href":"https:\/\/frogans-addresses.com\/fr\/wp-json\/wp\/v2\/types\/page"}],"author":[{"embeddable":true,"href":"https:\/\/frogans-addresses.com\/fr\/wp-json\/wp\/v2\/users\/1"}],"replies":[{"embeddable":true,"href":"https:\/\/frogans-addresses.com\/fr\/wp-json\/wp\/v2\/comments?post=819"}],"version-history":[{"count":136,"href":"https:\/\/frogans-addresses.com\/fr\/wp-json\/wp\/v2\/pages\/819\/revisions"}],"predecessor-version":[{"id":2724,"href":"https:\/\/frogans-addresses.com\/fr\/wp-json\/wp\/v2\/pages\/819\/revisions\/2724"}],"wp:attachment":[{"href":"https:\/\/frogans-addresses.com\/fr\/wp-json\/wp\/v2\/media?parent=819"}],"curies":[{"name":"wp","href":"https:\/\/api.w.org\/{rel}","templated":true}]}}