{"id":822,"date":"2018-05-14T11:25:21","date_gmt":"2018-05-14T15:25:21","guid":{"rendered":"https:\/\/frogans-addresses.com\/?page_id=822"},"modified":"2019-01-11T11:49:36","modified_gmt":"2019-01-11T15:49:36","slug":"frogans-addresses-for-all","status":"publish","type":"page","link":"https:\/\/frogans-addresses.com\/fr\/","title":{"rendered":"Premier bureau d&rsquo;enregistrement Frogans"},"content":{"rendered":"<h1><strong>Enfin un Internet simple pour tous<\/strong><\/h1>\n<h4>Sur un Internet toujours plus compliqu\u00e9, Frogans introduit des sites simples pour tous. A c\u00f4t\u00e9 du Web, Frogans est per\u00e7u comme naturel parce qu\u2019il est adapt\u00e9 pour les humains &#8211; et pas l\u2019inverse.<\/h4>\n<h6><span data-sheets-value=\"{&quot;1&quot;:2,&quot;2&quot;:&quot;Sur Frogans, l'acc\u00e8s aux contenu et services est imm\u00e9diat, tout est visible \u00e0 l'\u00e9cran et sous notre contr\u00f4le. Sans apprentissage.&quot;}\" data-sheets-userformat=\"{&quot;2&quot;:513,&quot;3&quot;:[null,0],&quot;12&quot;:0}\">Sur Frogans, l&rsquo;acc\u00e8s aux contenus et services est imm\u00e9diat, tout est visible \u00e0 l&rsquo;\u00e9cran et sous contr\u00f4le. Sans apprentissage.<\/span><\/h6>\n<p>&nbsp;<\/p>\n<h4><strong>Des sites compacts qui ressemblent \u00e0 des objets<\/strong><\/h4>\n<h6>Sur Frogans, nous pouvons tous appr\u00e9cier des exp\u00e9riences en ligne visuelles, cibl\u00e9es, intuitives et originales (cliquez sur ces exemples ou visitez notre <a href=\"https:\/\/frogans-addresses.com\/fr\/pilots\/\">programme pilote<\/a>).<\/h6>\n<p><a href=\"https:\/\/frogans-addresses.com\/frogansskydivetour\/\" target=\"_blank\" rel=\"noopener\"><img loading=\"lazy\" class=\"alignnone wp-image-1618 \" src=\"https:\/\/frogans-addresses.com\/wp-content\/uploads\/2018\/10\/frogansskydivetour.png\" alt=\"frogans*SkydiveTour\" width=\"124\" height=\"104\" \/><\/a> <a title=\"frogans*lab\" href=\"https:\/\/frogans-addresses.com\/froganslab\/\" target=\"_blank\" rel=\"noopener\"> <img loading=\"lazy\" class=\"alignnone wp-image-873 \" src=\"https:\/\/frogans-addresses.com\/wp-content\/uploads\/2018\/05\/froganslab-weather.png\" alt=\"\" width=\"142\" height=\"106\" srcset=\"https:\/\/frogans-addresses.com\/wp-content\/uploads\/2018\/05\/froganslab-weather.png 320w, https:\/\/frogans-addresses.com\/wp-content\/uploads\/2018\/05\/froganslab-weather-300x225.png 300w\" sizes=\"(max-width: 142px) 100vw, 142px\" \/><\/a> <a title=\"frogans*fingerspelling\" href=\"https:\/\/frogans-addresses.com\/frogansfingerspelling\/\" target=\"_blank\" rel=\"noopener\"> <img loading=\"lazy\" class=\"alignnone wp-image-1492 \" src=\"https:\/\/frogans-addresses.com\/wp-content\/uploads\/2018\/10\/fingerspelling.png\" alt=\"\" width=\"155\" height=\"116\" srcset=\"https:\/\/frogans-addresses.com\/wp-content\/uploads\/2018\/10\/fingerspelling.png 640w, https:\/\/frogans-addresses.com\/wp-content\/uploads\/2018\/10\/fingerspelling-300x225.png 300w\" sizes=\"(max-width: 155px) 100vw, 155px\" \/><\/a> <a title=\"frogans*MyACME-Start\" href=\"https:\/\/frogans-addresses.com\/frogansmyacme-start\/\" target=\"_blank\" rel=\"noopener\"><img loading=\"lazy\" class=\"alignnone wp-image-891\" src=\"https:\/\/frogans-addresses.com\/wp-content\/uploads\/2018\/05\/frogansmyacme-start.png\" alt=\"\" width=\"118\" height=\"113\" \/><\/a> <a href=\"https:\/\/frogans-addresses.com\/frogansbeaches\/\" target=\"_blank\" rel=\"noopener\"><img loading=\"lazy\" class=\"alignnone wp-image-864\" src=\"https:\/\/frogans-addresses.com\/wp-content\/uploads\/2018\/05\/frogansbeaches-home.png\" alt=\"\" width=\"145\" height=\"106\" srcset=\"https:\/\/frogans-addresses.com\/wp-content\/uploads\/2018\/05\/frogansbeaches-home.png 632w, https:\/\/frogans-addresses.com\/wp-content\/uploads\/2018\/05\/frogansbeaches-home-300x220.png 300w\" sizes=\"(max-width: 145px) 100vw, 145px\" \/><\/a> <a title=\"frogans*twiit\" href=\"https:\/\/frogans-addresses.com\/froganstwiit\/\" target=\"_blank\" rel=\"noopener\"><img loading=\"lazy\" class=\"alignnone wp-image-875\" src=\"https:\/\/frogans-addresses.com\/wp-content\/uploads\/2018\/05\/froganstwiit.png\" alt=\"\" width=\"141\" height=\"106\" srcset=\"https:\/\/frogans-addresses.com\/wp-content\/uploads\/2018\/05\/froganstwiit.png 640w, https:\/\/frogans-addresses.com\/wp-content\/uploads\/2018\/05\/froganstwiit-300x225.png 300w\" sizes=\"(max-width: 141px) 100vw, 141px\" \/><\/a> <a title=\"frogans*WineFair2016\" href=\"https:\/\/frogans-addresses.com\/froganswinefair2016\/\" target=\"_blank\" rel=\"noopener\"><img loading=\"lazy\" class=\"alignnone wp-image-898\" src=\"https:\/\/frogans-addresses.com\/wp-content\/uploads\/2018\/05\/froganswinefair2016-home.png\" alt=\"\" width=\"109\" height=\"109\" srcset=\"https:\/\/frogans-addresses.com\/wp-content\/uploads\/2018\/05\/froganswinefair2016-home.png 227w, https:\/\/frogans-addresses.com\/wp-content\/uploads\/2018\/05\/froganswinefair2016-home-150x150.png 150w\" sizes=\"(max-width: 109px) 100vw, 109px\" \/><\/a> <a title=\"frogans*FlySky360\" href=\"https:\/\/frogans-addresses.com\/frogansflysky360\/\" target=\"_blank\" rel=\"noopener\"> <img loading=\"lazy\" class=\"alignnone wp-image-897\" src=\"https:\/\/frogans-addresses.com\/wp-content\/uploads\/2018\/05\/frogansflysky360.png\" alt=\"\" width=\"148\" height=\"111\" srcset=\"https:\/\/frogans-addresses.com\/wp-content\/uploads\/2018\/05\/frogansflysky360.png 319w, https:\/\/frogans-addresses.com\/wp-content\/uploads\/2018\/05\/frogansflysky360-300x225.png 300w\" sizes=\"(max-width: 148px) 100vw, 148px\" \/><\/a> <a title=\"\u798f\u66f4\u65af*\u8db3\u7403\u6f14\u793a\" href=\"https:\/\/frogans-addresses.com\/\u798f\u66f4\u65af\u8db3\u7403\u6f14\u793a\/\" target=\"_blank\" rel=\"noopener\"><img loading=\"lazy\" class=\"alignnone wp-image-867\" src=\"https:\/\/frogans-addresses.com\/wp-content\/uploads\/2018\/05\/\u798f\u66f4\u65af\u8db3\u7403\u6f14\u793a.png\" alt=\"\" width=\"144\" height=\"108\" srcset=\"https:\/\/frogans-addresses.com\/wp-content\/uploads\/2018\/05\/\u798f\u66f4\u65af\u8db3\u7403\u6f14\u793a.png 640w, https:\/\/frogans-addresses.com\/wp-content\/uploads\/2018\/05\/\u798f\u66f4\u65af\u8db3\u7403\u6f14\u793a-300x225.png 300w\" sizes=\"(max-width: 144px) 100vw, 144px\" \/><\/a> <a title=\"frogans*DiscoverTheMoon\" href=\"https:\/\/frogans-addresses.com\/frogansdiscoverthemoon\/\" target=\"_blank\" rel=\"noopener\"> <img loading=\"lazy\" class=\"alignnone wp-image-1493 \" src=\"https:\/\/frogans-addresses.com\/wp-content\/uploads\/2018\/10\/discoverthemoon.png\" alt=\"\" width=\"140\" height=\"105\" srcset=\"https:\/\/frogans-addresses.com\/wp-content\/uploads\/2018\/10\/discoverthemoon.png 640w, https:\/\/frogans-addresses.com\/wp-content\/uploads\/2018\/10\/discoverthemoon-300x225.png 300w\" sizes=\"(max-width: 140px) 100vw, 140px\" \/><\/a><\/p>\n<h4><strong>Des adresses simples avec une \u00e9toile (pas de point)<\/strong><\/h4>\n<h6>Sur Frogans, nous acc\u00e9dons aux sites via des adresses faites de deux noms s\u00e9par\u00e9s par le caract\u00e8re *, comme frogans*RecettesDeLucie ou Marseille*Hotels. <a href=\"https:\/\/frogans-addresses.com\/for-your-brand\/\">Les marques<\/a> peuvent b\u00e9n\u00e9ficier de leur propres r\u00e9seaux d&rsquo;adresses.<br \/>\n<img loading=\"lazy\" class=\"alignnone wp-image-1033 size-full\" src=\"https:\/\/frogans-addresses.com\/wp-content\/uploads\/2018\/06\/Frogans-address-FR.png\" alt=\"\" width=\"500\" height=\"100\" \/><\/h6>\n<h4><strong>Un navigateur discret<\/strong><\/h4>\n<h6>Sur Frogans, nous ne nous soucions pas de performance, de s\u00e9curit\u00e9 ou de fuite de nos donn\u00e9es personnelles parce que nous utilisons un navigateur rapide et garanti sans virus, ni programmes malveillants, ni cookies. C&rsquo;est <a href=\"https:\/\/get.frogans\/fr\/main.html\" target=\"_blank\" rel=\"noopener\">Frogans Player<\/a>.<br \/>\n<a href=\"https:\/\/get.frogans\/fr\/main.html\" target=\"_blank\" rel=\"noopener\"><img loading=\"lazy\" class=\"alt= alignnone wp-image-1173 size-full\" title=\"T\u00e9l\u00e9chargez Frogans Player -- gratuit, aucune donn\u00e9e personnelle collect\u00e9e\" src=\"https:\/\/frogans-addresses.com\/wp-content\/uploads\/2018\/07\/Pastille_the_browser_you_need_FR.png\" alt=\"\" width=\"521\" height=\"120\" srcset=\"https:\/\/frogans-addresses.com\/wp-content\/uploads\/2018\/07\/Pastille_the_browser_you_need_FR.png 521w, https:\/\/frogans-addresses.com\/wp-content\/uploads\/2018\/07\/Pastille_the_browser_you_need_FR-300x69.png 300w\" sizes=\"(max-width: 521px) 100vw, 521px\" \/><\/a><\/h6>\n<h6><strong><a href=\"https:\/\/frogans-addresses.com\/for-you\/\">Cliquez ici<\/a> pour savoir comment Frogans va vous simplifier la vie.<\/strong><\/h6>","protected":false},"excerpt":{"rendered":"<p>Enfin un Internet simple pour tous Sur un Internet toujours plus compliqu\u00e9, Frogans introduit des sites simples pour tous. A c\u00f4t\u00e9 du Web, Frogans est per\u00e7u comme naturel parce qu\u2019il est adapt\u00e9 pour les humains &#8211; et pas l\u2019inverse. Sur Frogans, l&rsquo;acc\u00e8s aux contenus et services est imm\u00e9diat, tout est visible \u00e0 l&rsquo;\u00e9cran et sous [&hellip;]<\/p>\n","protected":false},"author":1,"featured_media":1018,"parent":0,"menu_order":0,"comment_status":"closed","ping_status":"closed","template":"","meta":[],"yoast_head":"<!-- This site is optimized with the Yoast SEO plugin v18.9 - https:\/\/yoast.com\/wordpress\/plugins\/seo\/ -->\n<title>Enfin un Internet simple pour tous &raquo; Frogans Addresses For All<\/title>\n<meta name=\"description\" content=\"Premier bureau d&#039;enregistrement FrogansVotre identit\u00e9 dans l&#039;Internet de demainFrogans Addresses For All &raquo; Premier bureau d&#039;enregistrement FrogansPremier bureau d&#039;enregistrement Frogans\" \/>\n<meta name=\"robots\" content=\"index, follow, max-snippet:-1, max-image-preview:large, max-video-preview:-1\" \/>\n<link rel=\"canonical\" href=\"https:\/\/frogans-addresses.com\/fr\/\" \/>\n<meta property=\"og:locale\" content=\"fr_FR\" \/>\n<meta property=\"og:type\" content=\"article\" \/>\n<meta property=\"og:title\" content=\"Enfin un Internet simple pour tous &raquo; Frogans Addresses For All\" \/>\n<meta property=\"og:description\" content=\"Premier bureau d&#039;enregistrement FrogansVotre identit\u00e9 dans l&#039;Internet de demainFrogans Addresses For All &raquo; Premier bureau d&#039;enregistrement FrogansPremier bureau d&#039;enregistrement Frogans\" \/>\n<meta property=\"og:url\" content=\"https:\/\/frogans-addresses.com\/fr\/\" \/>\n<meta property=\"og:site_name\" content=\"Frogans Addresses For All\" \/>\n<meta property=\"article:modified_time\" content=\"2019-01-11T15:49:36+00:00\" \/>\n<meta property=\"og:image\" content=\"https:\/\/frogans-addresses.com\/wp-content\/uploads\/2018\/05\/woman_pastille_1920.jpg\" \/>\n\t<meta property=\"og:image:width\" content=\"1920\" \/>\n\t<meta property=\"og:image:height\" content=\"660\" \/>\n\t<meta property=\"og:image:type\" content=\"image\/jpeg\" \/>\n<meta name=\"twitter:card\" content=\"summary\" \/>\n<meta name=\"twitter:site\" content=\"@FrogAdd\" \/>\n<meta name=\"twitter:label1\" content=\"Dur\u00e9e de lecture estim\u00e9e\" \/>\n\t<meta name=\"twitter:data1\" content=\"2 minutes\" \/>\n<script type=\"application\/ld+json\" class=\"yoast-schema-graph\">{\"@context\":\"https:\/\/schema.org\",\"@graph\":[{\"@type\":\"WebSite\",\"@id\":\"https:\/\/frogans-addresses.com\/fr\/#website\",\"url\":\"https:\/\/frogans-addresses.com\/fr\/\",\"name\":\"Frogans Addresses For All\",\"description\":\"Enfin un Internet simple pour tous\",\"potentialAction\":[{\"@type\":\"SearchAction\",\"target\":{\"@type\":\"EntryPoint\",\"urlTemplate\":\"https:\/\/frogans-addresses.com\/fr\/?s={search_term_string}\"},\"query-input\":\"required name=search_term_string\"}],\"inLanguage\":\"fr-FR\"},{\"@type\":\"ImageObject\",\"inLanguage\":\"fr-FR\",\"@id\":\"https:\/\/frogans-addresses.com\/fr\/#primaryimage\",\"url\":\"https:\/\/frogans-addresses.com\/wp-content\/uploads\/2018\/05\/woman_pastille_1920.jpg\",\"contentUrl\":\"https:\/\/frogans-addresses.com\/wp-content\/uploads\/2018\/05\/woman_pastille_1920.jpg\",\"width\":1920,\"height\":660},{\"@type\":\"WebPage\",\"@id\":\"https:\/\/frogans-addresses.com\/fr\/#webpage\",\"url\":\"https:\/\/frogans-addresses.com\/fr\/\",\"name\":\"Enfin un Internet simple pour tous &raquo; Frogans Addresses For All\",\"isPartOf\":{\"@id\":\"https:\/\/frogans-addresses.com\/fr\/#website\"},\"primaryImageOfPage\":{\"@id\":\"https:\/\/frogans-addresses.com\/fr\/#primaryimage\"},\"datePublished\":\"2018-05-14T15:25:21+00:00\",\"dateModified\":\"2019-01-11T15:49:36+00:00\",\"description\":\"Premier bureau d'enregistrement FrogansVotre identit\u00e9 dans l'Internet de demainFrogans Addresses For All &raquo; Premier bureau d'enregistrement FrogansPremier bureau d'enregistrement Frogans\",\"breadcrumb\":{\"@id\":\"https:\/\/frogans-addresses.com\/fr\/#breadcrumb\"},\"inLanguage\":\"fr-FR\",\"potentialAction\":[{\"@type\":\"ReadAction\",\"target\":[\"https:\/\/frogans-addresses.com\/fr\/\"]}]},{\"@type\":\"BreadcrumbList\",\"@id\":\"https:\/\/frogans-addresses.com\/fr\/#breadcrumb\",\"itemListElement\":[{\"@type\":\"ListItem\",\"position\":1,\"name\":\"Home\",\"item\":\"https:\/\/frogans-addresses.com\/fr\/\"},{\"@type\":\"ListItem\",\"position\":2,\"name\":\"Premier bureau d&rsquo;enregistrement Frogans\"}]}]}<\/script>\n<!-- \/ Yoast SEO plugin. -->","yoast_head_json":{"title":"Enfin un Internet simple pour tous &raquo; Frogans Addresses For All","description":"Premier bureau d'enregistrement FrogansVotre identit\u00e9 dans l'Internet de demainFrogans Addresses For All &raquo; Premier bureau d'enregistrement FrogansPremier bureau d'enregistrement Frogans","robots":{"index":"index","follow":"follow","max-snippet":"max-snippet:-1","max-image-preview":"max-image-preview:large","max-video-preview":"max-video-preview:-1"},"canonical":"https:\/\/frogans-addresses.com\/fr\/","og_locale":"fr_FR","og_type":"article","og_title":"Enfin un Internet simple pour tous &raquo; Frogans Addresses For All","og_description":"Premier bureau d'enregistrement FrogansVotre identit\u00e9 dans l'Internet de demainFrogans Addresses For All &raquo; Premier bureau d'enregistrement FrogansPremier bureau d'enregistrement Frogans","og_url":"https:\/\/frogans-addresses.com\/fr\/","og_site_name":"Frogans Addresses For All","article_modified_time":"2019-01-11T15:49:36+00:00","og_image":[{"width":1920,"height":660,"url":"https:\/\/frogans-addresses.com\/wp-content\/uploads\/2018\/05\/woman_pastille_1920.jpg","type":"image\/jpeg"}],"twitter_card":"summary","twitter_site":"@FrogAdd","twitter_misc":{"Dur\u00e9e de lecture estim\u00e9e":"2 minutes"},"schema":{"@context":"https:\/\/schema.org","@graph":[{"@type":"WebSite","@id":"https:\/\/frogans-addresses.com\/fr\/#website","url":"https:\/\/frogans-addresses.com\/fr\/","name":"Frogans Addresses For All","description":"Enfin un Internet simple pour tous","potentialAction":[{"@type":"SearchAction","target":{"@type":"EntryPoint","urlTemplate":"https:\/\/frogans-addresses.com\/fr\/?s={search_term_string}"},"query-input":"required name=search_term_string"}],"inLanguage":"fr-FR"},{"@type":"ImageObject","inLanguage":"fr-FR","@id":"https:\/\/frogans-addresses.com\/fr\/#primaryimage","url":"https:\/\/frogans-addresses.com\/wp-content\/uploads\/2018\/05\/woman_pastille_1920.jpg","contentUrl":"https:\/\/frogans-addresses.com\/wp-content\/uploads\/2018\/05\/woman_pastille_1920.jpg","width":1920,"height":660},{"@type":"WebPage","@id":"https:\/\/frogans-addresses.com\/fr\/#webpage","url":"https:\/\/frogans-addresses.com\/fr\/","name":"Enfin un Internet simple pour tous &raquo; Frogans Addresses For All","isPartOf":{"@id":"https:\/\/frogans-addresses.com\/fr\/#website"},"primaryImageOfPage":{"@id":"https:\/\/frogans-addresses.com\/fr\/#primaryimage"},"datePublished":"2018-05-14T15:25:21+00:00","dateModified":"2019-01-11T15:49:36+00:00","description":"Premier bureau d'enregistrement FrogansVotre identit\u00e9 dans l'Internet de demainFrogans Addresses For All &raquo; Premier bureau d'enregistrement FrogansPremier bureau d'enregistrement Frogans","breadcrumb":{"@id":"https:\/\/frogans-addresses.com\/fr\/#breadcrumb"},"inLanguage":"fr-FR","potentialAction":[{"@type":"ReadAction","target":["https:\/\/frogans-addresses.com\/fr\/"]}]},{"@type":"BreadcrumbList","@id":"https:\/\/frogans-addresses.com\/fr\/#breadcrumb","itemListElement":[{"@type":"ListItem","position":1,"name":"Home","item":"https:\/\/frogans-addresses.com\/fr\/"},{"@type":"ListItem","position":2,"name":"Premier bureau d&rsquo;enregistrement Frogans"}]}]}},"_links":{"self":[{"href":"https:\/\/frogans-addresses.com\/fr\/wp-json\/wp\/v2\/pages\/822"}],"collection":[{"href":"https:\/\/frogans-addresses.com\/fr\/wp-json\/wp\/v2\/pages"}],"about":[{"href":"https:\/\/frogans-addresses.com\/fr\/wp-json\/wp\/v2\/types\/page"}],"author":[{"embeddable":true,"href":"https:\/\/frogans-addresses.com\/fr\/wp-json\/wp\/v2\/users\/1"}],"replies":[{"embeddable":true,"href":"https:\/\/frogans-addresses.com\/fr\/wp-json\/wp\/v2\/comments?post=822"}],"version-history":[{"count":180,"href":"https:\/\/frogans-addresses.com\/fr\/wp-json\/wp\/v2\/pages\/822\/revisions"}],"predecessor-version":[{"id":2646,"href":"https:\/\/frogans-addresses.com\/fr\/wp-json\/wp\/v2\/pages\/822\/revisions\/2646"}],"wp:featuredmedia":[{"embeddable":true,"href":"https:\/\/frogans-addresses.com\/fr\/wp-json\/wp\/v2\/media\/1018"}],"wp:attachment":[{"href":"https:\/\/frogans-addresses.com\/fr\/wp-json\/wp\/v2\/media?parent=822"}],"curies":[{"name":"wp","href":"https:\/\/api.w.org\/{rel}","templated":true}]}}